{"id":3211,"date":"2025-09-18T13:31:48","date_gmt":"2025-09-18T13:31:48","guid":{"rendered":"https:\/\/bonjourvenise.fr\/?page_id=3211"},"modified":"2025-09-19T17:04:38","modified_gmt":"2025-09-19T17:04:38","slug":"visite-guidee-privee-en-francais","status":"publish","type":"page","link":"https:\/\/bonjourvenise.fr\/de\/private-fuhrung-auf-franzosisch\/","title":{"rendered":"Die unglaubliche Tour durch das historische Zentrum von Venedig"},"content":{"rendered":"<p>M\u00f6chten Sie das Beste der Altstadt von Venedig in nur wenigen Stunden entdecken?<\/p>\n<h2>Wir bieten private F\u00fchrungen auf Deutsch an, die Ihren Aufenthalt unvergesslich machen werden.<\/h2>\n<p><img decoding=\"async\" data-src=\"https:\/\/bonjourvenise.fr\/wp-content\/uploads\/2024\/05\/visite-guidee-venise-1024x819.jpg\" alt=\"gef\u00fchrte Tour durch Venedig\" width=\"1024\" height=\"819\" class=\"alignnone size-large wp-image-3217 lazyload\" data-srcset=\"https:\/\/bonjourvenise.fr\/wp-content\/uploads\/2024\/05\/visite-guidee-venise-1024x819.jpg 1024w, https:\/\/bonjourvenise.fr\/wp-content\/uploads\/2024\/05\/visite-guidee-venise-300x240.jpg 300w, https:\/\/bonjourvenise.fr\/wp-content\/uploads\/2024\/05\/visite-guidee-venise-768x614.jpg 768w, https:\/\/bonjourvenise.fr\/wp-content\/uploads\/2024\/05\/visite-guidee-venise-1536x1229.jpg 1536w, https:\/\/bonjourvenise.fr\/wp-content\/uploads\/2024\/05\/visite-guidee-venise-15x12.jpg 15w, https:\/\/bonjourvenise.fr\/wp-content\/uploads\/2024\/05\/visite-guidee-venise.jpg 2000w\" data-sizes=\"(max-width: 1024px) 100vw, 1024px\" src=\"data:image\/svg+xml;base64,PHN2ZyB3aWR0aD0iMSIgaGVpZ2h0PSIxIiB4bWxucz0iaHR0cDovL3d3dy53My5vcmcvMjAwMC9zdmciPjwvc3ZnPg==\" style=\"--smush-placeholder-width: 1024px; --smush-placeholder-aspect-ratio: 1024\/819;\" \/><br \/>\n<img decoding=\"async\" class=\"img-full lazyload\" title=\"gesehen auf\" data-src=\"https:\/\/bonjourvenise.fr\/wp-content\/uploads\/2024\/05\/banniere_logos_soccial.png\" alt=\"gesehen auf\" src=\"data:image\/svg+xml;base64,PHN2ZyB3aWR0aD0iMSIgaGVpZ2h0PSIxIiB4bWxucz0iaHR0cDovL3d3dy53My5vcmcvMjAwMC9zdmciPjwvc3ZnPg==\" style=\"--smush-placeholder-width: 1024px; --smush-placeholder-aspect-ratio: 1024\/138;\" \/><\/p>\n<h2>Wie l\u00e4uft der Besuch ab und was wird gesehen?<\/h2>\n<p>Der Startpunkt der Tour wird mit dem Reiseleiter im historischen Zentrum festgelegt.<\/p>\n<aside class=\"block-note\">\n<p class=\"block-offer-desc\">Hier sind einige <strong>Vorteile<\/strong> einen Besuch bei uns zu buchen:<\/p>\n<ul>\n<li>Ihr Reisef\u00fchrer <strong>perfekt Franz\u00f6sisch sprechen wird<\/strong>Damit es keine Kommunikationsprobleme gibt.<\/li>\n<li>Er zeigt Ihnen <strong>typische Orte<\/strong>die ihre Authentizit\u00e4t noch bewahrt haben<\/li>\n<li>Er wird Ihnen erz\u00e4hlen <strong>Anekdoten und Geschichten<\/strong> die die besuchten Orte spannend machen werden<\/li>\n<li>Er zeigt Ihnen <strong>die sch\u00f6nsten Aussichtspunkte<\/strong> aus Venedig<\/li>\n<li>Er zeigt Ihnen <strong>geheime Orte<\/strong>Diejenigen, die in keinem Reisef\u00fchrer stehen und die die Venezianer nicht mit den Touristen teilen wollen.<\/li>\n<li>Er wird Ihnen eine <strong>pers\u00f6nlicher Besuch<\/strong> je nach Ihrem Geschmack und Ihrem Lauftempo<\/li>\n<li>Bonus: Er wird sich die Zeit nehmen <strong>Ihnen ein individuelles Programm f\u00fcr den Rest Ihres Aufenthalts zusammenstellen<\/strong> (Sehensw\u00fcrdigkeiten, Aktivit\u00e4ten, Restaurants, Orte zum Ausgehen...)<\/li>\n<\/ul>\n<\/aside>\n<h3>Itin\u00e9raire de la visite guid\u00e9e \u00e0 pied<\/h3>\n<p>Voici l\u2019itin\u00e9raire de la visite que l\u2019on vous propose. Parfois, il se peut qu\u2019il soit l\u00e9g\u00e8rement modifi\u00e9, dans le but de vous proposer la <strong>meilleure exp\u00e9rience possible<\/strong> !<\/p>\n<h4>1. La place Saint-Marc<\/h4>\n<p>C\u2019est ici que tout commence, au c\u0153ur battant de Venise !<\/p>\n<p>Surnomm\u00e9e par Napol\u00e9on \u00ab le plus beau salon d\u2019Europe \u00bb, la <strong>Markusplatz<\/strong> est le lieu o\u00f9 se m\u00ealaient pouvoir politique, vie religieuse et mondanit\u00e9s.<br \/>\n<img decoding=\"async\" data-src=\"https:\/\/bonjourvenise.fr\/wp-content\/uploads\/2025\/09\/visite-guide-francophone-venise-1024x682.jpg\" alt=\"visite guide francophone venise\" width=\"1024\" height=\"682\" class=\"aligncenter size-large wp-image-3389 lazyload\" data-srcset=\"https:\/\/bonjourvenise.fr\/wp-content\/uploads\/2025\/09\/visite-guide-francophone-venise-1024x682.jpg 1024w, https:\/\/bonjourvenise.fr\/wp-content\/uploads\/2025\/09\/visite-guide-francophone-venise-300x200.jpg 300w, https:\/\/bonjourvenise.fr\/wp-content\/uploads\/2025\/09\/visite-guide-francophone-venise-768x512.jpg 768w, https:\/\/bonjourvenise.fr\/wp-content\/uploads\/2025\/09\/visite-guide-francophone-venise-18x12.jpg 18w, https:\/\/bonjourvenise.fr\/wp-content\/uploads\/2025\/09\/visite-guide-francophone-venise.jpg 1400w\" data-sizes=\"(max-width: 1024px) 100vw, 1024px\" src=\"data:image\/svg+xml;base64,PHN2ZyB3aWR0aD0iMSIgaGVpZ2h0PSIxIiB4bWxucz0iaHR0cDovL3d3dy53My5vcmcvMjAwMC9zdmciPjwvc3ZnPg==\" style=\"--smush-placeholder-width: 1024px; --smush-placeholder-aspect-ratio: 1024\/682;\" \/><br \/>\nVous y d\u00e9couvrirez le <strong>splendide Campanile<\/strong>Die <strong>majestueuse basilique Saint-Marc<\/strong> avec ses mosa\u00efques \u00e9tincelantes, et l\u2019imposant <strong>Dogenpalast<\/strong>, symbole de la puissance de la S\u00e9r\u00e9nissime.<\/p>\n<p>Votre guide vous plongera dans les intrigues mill\u00e9naires qui se sont jou\u00e9es ici\u2026 jusqu\u2019au XVIIIe si\u00e8cle, entre les arcades \u00e9l\u00e9gantes des Procuratie Nuove et le <strong>mythique Caf\u00e9 Florian<\/strong>.<\/p>\n<h4>2. Du th\u00e9\u00e2tre de La Fenice au pont du Rialto<\/h4>\n<p>Nous poursuivrons par un d\u00e9dale de ruelles pleines de charme, pour rejoindre le <strong>Rialtobr\u00fccke<\/strong>, v\u00e9ritable centre \u00e9conomique de la ville et l\u2019un de ses embl\u00e8mes <strong>les plus photographi\u00e9s<\/strong>.<br \/>\n<img decoding=\"async\" data-src=\"https:\/\/bonjourvenise.fr\/wp-content\/uploads\/2025\/09\/visite-guidee-en-francais-venise-1024x610.jpg\" alt=\"visite guidee en franc\u0327ais venise\" width=\"1024\" height=\"610\" class=\"aligncenter size-large wp-image-3390 lazyload\" data-srcset=\"https:\/\/bonjourvenise.fr\/wp-content\/uploads\/2025\/09\/visite-guidee-en-francais-venise-1024x610.jpg 1024w, https:\/\/bonjourvenise.fr\/wp-content\/uploads\/2025\/09\/visite-guidee-en-francais-venise-300x179.jpg 300w, https:\/\/bonjourvenise.fr\/wp-content\/uploads\/2025\/09\/visite-guidee-en-francais-venise-768x457.jpg 768w, https:\/\/bonjourvenise.fr\/wp-content\/uploads\/2025\/09\/visite-guidee-en-francais-venise-18x12.jpg 18w, https:\/\/bonjourvenise.fr\/wp-content\/uploads\/2025\/09\/visite-guidee-en-francais-venise.jpg 1280w\" data-sizes=\"(max-width: 1024px) 100vw, 1024px\" src=\"data:image\/svg+xml;base64,PHN2ZyB3aWR0aD0iMSIgaGVpZ2h0PSIxIiB4bWxucz0iaHR0cDovL3d3dy53My5vcmcvMjAwMC9zdmciPjwvc3ZnPg==\" style=\"--smush-placeholder-width: 1024px; --smush-placeholder-aspect-ratio: 1024\/610;\" \/><br \/>\nEn chemin, vous serez \u00e9merveill\u00e9s par l\u2019<strong>\u00e9l\u00e9gant th\u00e9\u00e2tre de La Fenice<\/strong>, joyau lyrique de Venise, ainsi que par l\u2019<strong>original escalier \u00e0 vis du palais Contarini del Bovolo<\/strong> (un endroit totalement insolite que peu de voyageurs connaissent !).<\/p>\n<h4>3. La place Santa Maria Formosa et les secrets cach\u00e9s<\/h4>\n<p>Notre balade nous m\u00e8nera enfin vers la vaste <strong>place Santa Maria Formosa<\/strong>, entour\u00e9e de palais historiques et pleine de vie.<\/p>\n<p>C\u2019est un endroit id\u00e9al pour d\u00e9couvrir un <strong>visage plus authentique et moins touristique de Venise<\/strong>.<\/p>\n<p>Cet itin\u00e9raire a \u00e9t\u00e9 con\u00e7u pour vous faire d\u00e9couvrir \u00e0 la fois les <strong>incontournables de Venise<\/strong>, mais aussi ses coins cach\u00e9s et insolites, accompagn\u00e9s d\u2019anecdotes passionnantes que vous ne trouverez dans <strong>aucun guide papier<\/strong>.<\/p>\n<h3>Wie lange dauert der Besuch?<\/h3>\n<p>Dies ist ein Rundgang zu Fu\u00df, der etwa zwei Stunden dauert.<\/p>\n<h3>Werden andere Personen bei uns sein?<\/h3>\n<p>Nein <strong>der Besuch ist sehr privat<\/strong>.<br \/>\nWir bieten nur diese Art von Besuch an, um <strong>die bestm\u00f6gliche Erfahrung<\/strong> und so nah wie m\u00f6glich an Ihrem Reisef\u00fchrer sein.<\/p>\n<p>Ihr Reiseleiter wird sich auf Sie einstellen und eine ganze Reihe von Informationen, Geschichten, Geheimnissen und Anekdoten mit Ihnen teilen, die Sie nirgendwo sonst finden werden...<br \/>\nUnd Sie k\u00f6nnen ihn <strong>alle Fragen stellen, die Sie wollen<\/strong> !<\/p>\n<h3><strong> Inwiefern sind wir legitimiert, Ihnen eine pers\u00f6nliche Tour durch Venedig wie ein echter Venezianer anzubieten? <\/strong><\/h3>\n<p><strong>Hier sind einige wichtige Zahlen, die Sie \u00fcber uns wissen sollten:<\/strong><\/p>\n<ul>\n<li>Die Seite Hallo Venedig wurde 2023 gegr\u00fcndet und ist die <strong>Referenz<\/strong> im Internet f\u00fcr deutschsprachige Reisende, die die Stadt Venedig besuchen wollen<\/li>\n<li>Bonjour Venise ist Teil des Bonjour \u00c9vasion-Netzwerks und wir haben fast <strong>40.000 Reisende<\/strong> die uns <strong>Vertrauen<\/strong> und die eine <strong>pers\u00f6nliche F\u00fchrung mit uns<\/strong><\/li>\n<li>Die Website Bonjour Venise wird von mehr als <strong>100.000 Reisende<\/strong> jedes Jahr<\/li>\n<li>Wir sind ein Team von 7 Personen, die Ihnen zu Diensten stehen, um Ihnen Venedig wie ein Venezianer zu zeigen.<\/li>\n<li>Die Seite Hallo Venedig wurde <strong>empfohlen vom Guide du Routard<\/strong><\/li>\n<\/ul>\n<p><img decoding=\"async\" data-src=\"https:\/\/bonjourvenise.fr\/wp-content\/uploads\/2024\/05\/logo-recommandation-routard.png\" alt=\"Logo Empfehlung Backpacker\" width=\"300\" height=\"170\" class=\"aligncenter size-medium wp-image-1937 lazyload\" src=\"data:image\/svg+xml;base64,PHN2ZyB3aWR0aD0iMSIgaGVpZ2h0PSIxIiB4bWxucz0iaHR0cDovL3d3dy53My5vcmcvMjAwMC9zdmciPjwvc3ZnPg==\" style=\"--smush-placeholder-width: 300px; --smush-placeholder-aspect-ratio: 300\/170;\" \/><\/p>\n<p>Voici quelques exemples de retours de voyageurs qui ont fait la visite du centre historique avec nous:<\/p>\n<blockquote><p>\nNous sommes ravis par notre balade guid\u00e9e !! Le guide \u00e9tait passionnant et nous avons d\u00e9couvert plein d\u2019endroits loin de la foule . Nous avons pu d\u00e9couvrir aussi des sp\u00e9cialit\u00e9s locales !!<br \/>\nUn grand merci \ud83d\ude4f<\/p>\n<p style=\"text-align: right;\">C\u00e9cile<\/p>\n<p>La visite de Venise avec Walter \u00e9tait sublime ! Je suis d\u00e9j\u00e0 all\u00e9e \u00e0 Venise plusieurs fois, entre autres, pour le carnaval et j&rsquo;aime tout ce qui a trait \u00e0 l&rsquo;Histoire et l&rsquo;histoire (anecdotes etc&#8230;). j&rsquo;ai appris \u00e9norm\u00e9ment de choses que j&rsquo;ignorais.Walter est un homme charmant et tr\u00e8s int\u00e9ressant, je vous le recommande vivement !<\/p>\n<p style=\"text-align: right;\">Lisa<\/p>\n<p>Peut-on tout connaitre sur Venise, ville myst\u00e9rieuse et magique, pleine de lieux et de tr\u00e9sors cach\u00e9s. Cet \u00e9t\u00e9, nous avons fait la connaissance d\u2019une personne qui, au d\u00e9tour d\u2019un rio, le long d\u2019une calle ou au fond d\u2019une corte, saura vous faire d\u00e9couvrir les profondeurs et certains secrets de Venise. Cette personne (grande par sa taille et son savoir) se nomme Walter, il semble tout aussi myst\u00e9rieux que sa ville ador\u00e9e mais il vous captivera \u00e0 travers ses r\u00e9cits. Suivez le, \u00e9coutez le et surtout questionnez le, alors vous d\u00e9couvrirez l\u2019\u00e2me de Venise, une Venise authentique avec ses secrets et ses silences. Merci Walter, mais aussi \u00e0 ton \u00e9quipe pour tous ces moments de partage et cette envie de proposer \u00e0 nous, touristes aventureux, un\u2019altra visita.<\/p>\n<p style=\"text-align: right;\">Patrick<\/p>\n<p>J&rsquo;ai v\u00e9cu une exp\u00e9rience fantastique avec Walter ! Le guide \u00e9tait sympathique et comp\u00e9tent, et il a rendu la d\u00e9couverte de Venise amusante et instructive. Il m&rsquo;a emmen\u00e9 dans des endroits que je n&rsquo;aurais jamais d\u00e9couverts par moi-m\u00eame et m&rsquo;a racont\u00e9 des anecdotes fascinantes sur la ville. C&rsquo;\u00e9tait une v\u00e9ritable aventure personnelle, pas une simple visite.<\/p>\n<p style=\"text-align: right;\">Luca<\/p>\n<\/blockquote>\n<h3><strong>EINMALIGE Garantie<\/strong><\/h3>\n<p>Wenn Ihnen Ihr Besuch nicht gefallen hat, zahlen Sie einfach nicht und wir verpflichten uns, Ihnen 50\u20ac als Entsch\u00e4digung f\u00fcr die \"verlorene Zeit\" zu geben (<strong>Garantie gilt nur<\/strong> wenn Sie die zweist\u00fcndigen Besichtigungen absolviert haben und Ihrem Reiseleiter erkl\u00e4rt haben, was Ihnen nicht gefallen hat und warum Sie entt\u00e4uscht waren).<\/p>\n<p>Sie haben also <strong>kein Risiko<\/strong> eine Tour mit uns zu buchen und Sie werden garantiert eine tolle Zeit haben!<\/p>\n<p>&nbsp;<\/p>\n<h3>Wie hoch ist der Preis f\u00fcr eine private Tour?<\/h3>\n<p>F\u00fcr eine <strong>2-st\u00fcndige Tour<\/strong>Das sind nur 249\u20ac f\u00fcr 1 oder 2 Personen, +15\u20ac pro zus\u00e4tzlicher Person bei mehr als 2 Personen. Kostenlos f\u00fcr Kinder unter 10 Jahren.<\/p>\n<p>Zur Erinnerung: Die Tour ist sehr privat, Sie bekommen nur einen F\u00fchrer. <strong>f\u00fcr Sie<\/strong>.<\/p>\n<p>Beispiel: Wenn Sie zu zweit sind, betr\u00e4gt der Gesamtpreis 249\u20ac. Wenn Sie zu dritt sind, betr\u00e4gt der Gesamtpreis 264\u20ac.<\/p>\n<p>&nbsp;<\/p>\n<h3>Wie kann ich buchen?<\/h3>\n<p>F\u00fcllen Sie einfach das folgende Formular aus.<\/p>\n<p>Wir schicken Ihnen dann eine Nachricht, um den Besuch zu best\u00e4tigen und Ihnen den genauen Treffpunkt mitzuteilen.<\/p>\n<p>Sie k\u00f6nnen das folgende Formular ausf\u00fcllen :<\/p>\n<div data-tf-inline-on-mobile data-tf-live=\"01HXS2D61366AXJKTZNQFW4MNE\"><\/div>\n<p><script src=\"\/\/embed.typeform.com\/next\/embed.js\"><\/script><\/p>\n<p>&nbsp;<\/p>\n<h3>FAQ<\/h3>\n<h4>Muss ich lange im Voraus buchen?<\/h4>\n<p>Sobald Sie sich f\u00fcr eine Tour mit uns entschieden haben, sollten Sie so schnell wie m\u00f6glich buchen, da wir nur wenige freie Termine haben. Dies gilt insbesondere f\u00fcr Wochenenden und Schulferienzeiten.<\/p>\n<h4>Machen Sie Gruppenbesuche?<\/h4>\n<p>Nein, wir bieten nur private F\u00fchrungen an, um Ihnen das bestm\u00f6gliche Erlebnis zu bieten.<\/p>\n<h4>Was passiert bei schlechtem Wetter?<\/h4>\n<p>Normalerweise wird die Tour fortgesetzt. Es kann aber sein, dass Ihr Reiseleiter bei wirklich schlechtem Wetter beschlie\u00dft, die Tour abzusagen, und Ihnen einen anderen Tag vorschl\u00e4gt, sofern dies m\u00f6glich ist.<\/p>\n<h4>Ist eine Tour f\u00fcr Kinder geeignet?<\/h4>\n<p>Ihr Reiseleiter passt sich immer an und schafft es, auch die J\u00fcngsten zu fesseln, also ja!<br \/>\nIhr Reiseleiter wird Ihnen mehr Pausen vorschlagen, damit sie nicht zu sehr erm\u00fcden. Sie sollten jedoch in der Lage sein, mehrere Stunden zu laufen.<\/p>\n<h4>Ich kenne die Stadt bereits, ist die Tour f\u00fcr mich interessant?<\/h4>\n<p>Die Antwort ist ja! Es ist immer m\u00f6glich, die Stadt aus einem anderen Blickwinkel neu zu entdecken, mit einem neuen Aspekt, mit Anekdoten und Geschichten, die Sie noch nicht kennen.<br \/>\nSie k\u00f6nnen dies im Feld \"Zus\u00e4tzliche Informationen bei Bedarf\" oder z. B. ganz am Anfang der Tour angeben, damit sich Ihr Reiseleiter darauf einstellen kann.<\/p>\n<h4>Ist es m\u00f6glich, am Ende des Besuchs anders als in bar zu bezahlen?<\/h4>\n<p>Ja, das k\u00f6nnen Sie direkt per E-Mail mit Ihrem Reisef\u00fchrer sehen, nachdem Sie Ihre Anfrage gestellt haben.<\/p>\n<h4>Ist es m\u00f6glich, eine Rechnung f\u00fcr diesen Besuch zu erhalten?<\/h4>\n<p>Ja, Sie k\u00f6nnen dies auch direkt per E-Mail mit Ihrem Reiseleiter abkl\u00e4ren, nachdem Sie Ihre Anfrage gestellt haben.<\/p>\n<p>&nbsp;<\/p>\n<h3>Und wenn ich noch weitere Fragen habe?<\/h3>\n<p>Sie k\u00f6nnen sie an marie.bonjourvenise@gmail.com stellen, und Marie wird Ihnen so schnell wie m\u00f6glich antworten.<br \/>\nOder rufen Sie sie direkt an unter +351 911 747 178.<\/p>\n<p>Bis bald und ausgezeichneter Besuch f\u00fcr Sie!<\/p>","protected":false},"excerpt":{"rendered":"<p>Vous aimeriez d\u00e9couvrir le meilleur du centre historique de Venise en quelques heures seulement? Nous proposons des visites guid\u00e9es priv\u00e9es en fran\u00e7ais qui vont rendre votre s\u00e9jour inoubliable Comment se d\u00e9roule la visite et qu&rsquo;est-ce qui est vu ? Le point de d\u00e9part de la visite est fix\u00e9 avec le guide, dans le centre historique. [&hellip;]<\/p>\n","protected":false},"author":1,"featured_media":3217,"parent":0,"menu_order":0,"comment_status":"closed","ping_status":"closed","template":"page_landing.php","meta":{"om_disable_all_campaigns":false,"_genesis_hide_title":false,"_genesis_hide_breadcrumbs":false,"_genesis_hide_singular_image":false,"_genesis_hide_footer_widgets":false,"_genesis_custom_body_class":"","_genesis_custom_post_class":"","_genesis_layout":"","footnotes":""},"class_list":{"0":"post-3211","1":"page","2":"type-page","3":"status-publish","4":"has-post-thumbnail","6":"entry"},"yoast_head":"<!-- This site is optimized with the Yoast SEO Premium plugin v23.8 (Yoast SEO v27.5) - https:\/\/yoast.com\/product\/yoast-seo-premium-wordpress\/ -->\n<title>L\u2019incroyable visite du centre historique de Venise<\/title>\n<meta name=\"description\" content=\"Voici les meilleures visites guid\u00e9es priv\u00e9es en fran\u00e7ais pour d\u00e9couvrir le centre historique de Venise en quelques heures seulement !\" \/>\n<meta name=\"robots\" content=\"index, follow, max-snippet:-1, max-image-preview:large, max-video-preview:-1\" \/>\n<link rel=\"canonical\" href=\"https:\/\/bonjourvenise.fr\/de\/private-fuhrung-auf-franzosisch\/\" \/>\n<meta property=\"og:locale\" content=\"de_DE\" \/>\n<meta property=\"og:type\" content=\"article\" \/>\n<meta property=\"og:title\" content=\"L\u2019incroyable visite du centre historique de Venise\" \/>\n<meta property=\"og:description\" content=\"Voici les meilleures visites guid\u00e9es priv\u00e9es en fran\u00e7ais pour d\u00e9couvrir le centre historique de Venise en quelques heures seulement !\" \/>\n<meta property=\"og:url\" content=\"https:\/\/bonjourvenise.fr\/de\/private-fuhrung-auf-franzosisch\/\" \/>\n<meta property=\"og:site_name\" content=\"Bonjour Venise\" \/>\n<meta property=\"article:modified_time\" content=\"2025-09-19T17:04:38+00:00\" \/>\n<meta property=\"og:image\" content=\"https:\/\/bonjourvenise.fr\/wp-content\/uploads\/2024\/05\/visite-guidee-venise.jpg\" \/>\n\t<meta property=\"og:image:width\" content=\"2000\" \/>\n\t<meta property=\"og:image:height\" content=\"1600\" \/>\n\t<meta property=\"og:image:type\" content=\"image\/jpeg\" \/>\n<meta name=\"twitter:card\" content=\"summary_large_image\" \/>\n<meta name=\"twitter:label1\" content=\"Gesch\u00e4tzte Lesezeit\" \/>\n\t<meta name=\"twitter:data1\" content=\"8\u00a0Minuten\" \/>\n<script type=\"application\/ld+json\" class=\"yoast-schema-graph\">{\"@context\":\"https:\\\/\\\/schema.org\",\"@graph\":[{\"@type\":\"WebPage\",\"@id\":\"https:\\\/\\\/bonjourvenise.fr\\\/visite-guidee-privee-en-francais\\\/\",\"url\":\"https:\\\/\\\/bonjourvenise.fr\\\/visite-guidee-privee-en-francais\\\/\",\"name\":\"L\u2019incroyable visite du centre historique de Venise\",\"isPartOf\":{\"@id\":\"https:\\\/\\\/bonjourvenise.fr\\\/#website\"},\"primaryImageOfPage\":{\"@id\":\"https:\\\/\\\/bonjourvenise.fr\\\/visite-guidee-privee-en-francais\\\/#primaryimage\"},\"image\":{\"@id\":\"https:\\\/\\\/bonjourvenise.fr\\\/visite-guidee-privee-en-francais\\\/#primaryimage\"},\"thumbnailUrl\":\"https:\\\/\\\/bonjourvenise.fr\\\/wp-content\\\/uploads\\\/2024\\\/05\\\/visite-guidee-venise.jpg\",\"datePublished\":\"2025-09-18T13:31:48+00:00\",\"dateModified\":\"2025-09-19T17:04:38+00:00\",\"description\":\"Voici les meilleures visites guid\u00e9es priv\u00e9es en fran\u00e7ais pour d\u00e9couvrir le centre historique de Venise en quelques heures seulement !\",\"breadcrumb\":{\"@id\":\"https:\\\/\\\/bonjourvenise.fr\\\/visite-guidee-privee-en-francais\\\/#breadcrumb\"},\"inLanguage\":\"de\",\"potentialAction\":[{\"@type\":\"ReadAction\",\"target\":[\"https:\\\/\\\/bonjourvenise.fr\\\/visite-guidee-privee-en-francais\\\/\"]}]},{\"@type\":\"ImageObject\",\"inLanguage\":\"de\",\"@id\":\"https:\\\/\\\/bonjourvenise.fr\\\/visite-guidee-privee-en-francais\\\/#primaryimage\",\"url\":\"https:\\\/\\\/bonjourvenise.fr\\\/wp-content\\\/uploads\\\/2024\\\/05\\\/visite-guidee-venise.jpg\",\"contentUrl\":\"https:\\\/\\\/bonjourvenise.fr\\\/wp-content\\\/uploads\\\/2024\\\/05\\\/visite-guidee-venise.jpg\",\"width\":2000,\"height\":1600,\"caption\":\"visite guidee venise\"},{\"@type\":\"BreadcrumbList\",\"@id\":\"https:\\\/\\\/bonjourvenise.fr\\\/visite-guidee-privee-en-francais\\\/#breadcrumb\",\"itemListElement\":[{\"@type\":\"ListItem\",\"position\":1,\"name\":\"Accueil\",\"item\":\"https:\\\/\\\/bonjourvenise.fr\\\/\"},{\"@type\":\"ListItem\",\"position\":2,\"name\":\"L\u2019incroyable visite du centre historique de Venise\"}]},{\"@type\":\"WebSite\",\"@id\":\"https:\\\/\\\/bonjourvenise.fr\\\/#website\",\"url\":\"https:\\\/\\\/bonjourvenise.fr\\\/\",\"name\":\"Bonjour Venise\",\"description\":\"Tout pour visiter la ville de Venise en 2026 !\",\"potentialAction\":[{\"@type\":\"SearchAction\",\"target\":{\"@type\":\"EntryPoint\",\"urlTemplate\":\"https:\\\/\\\/bonjourvenise.fr\\\/?s={search_term_string}\"},\"query-input\":{\"@type\":\"PropertyValueSpecification\",\"valueRequired\":true,\"valueName\":\"search_term_string\"}}],\"inLanguage\":\"de\"}]}<\/script>\n<!-- \/ Yoast SEO Premium plugin. -->","yoast_head_json":{"title":"Die unglaubliche Tour durch das historische Zentrum von Venedig","description":"Hier finden Sie die besten privaten F\u00fchrungen auf Deutsch, um das historische Zentrum von Venedig in nur wenigen Stunden zu entdecken!","robots":{"index":"index","follow":"follow","max-snippet":"max-snippet:-1","max-image-preview":"max-image-preview:large","max-video-preview":"max-video-preview:-1"},"canonical":"https:\/\/bonjourvenise.fr\/de\/private-fuhrung-auf-franzosisch\/","og_locale":"de_DE","og_type":"article","og_title":"L\u2019incroyable visite du centre historique de Venise","og_description":"Voici les meilleures visites guid\u00e9es priv\u00e9es en fran\u00e7ais pour d\u00e9couvrir le centre historique de Venise en quelques heures seulement !","og_url":"https:\/\/bonjourvenise.fr\/de\/private-fuhrung-auf-franzosisch\/","og_site_name":"Bonjour Venise","article_modified_time":"2025-09-19T17:04:38+00:00","og_image":[{"width":2000,"height":1600,"url":"https:\/\/bonjourvenise.fr\/wp-content\/uploads\/2024\/05\/visite-guidee-venise.jpg","type":"image\/jpeg"}],"twitter_card":"summary_large_image","twitter_misc":{"Gesch\u00e4tzte Lesezeit":"8\u00a0Minuten"},"schema":{"@context":"https:\/\/schema.org","@graph":[{"@type":"WebPage","@id":"https:\/\/bonjourvenise.fr\/visite-guidee-privee-en-francais\/","url":"https:\/\/bonjourvenise.fr\/visite-guidee-privee-en-francais\/","name":"Die unglaubliche Tour durch das historische Zentrum von Venedig","isPartOf":{"@id":"https:\/\/bonjourvenise.fr\/#website"},"primaryImageOfPage":{"@id":"https:\/\/bonjourvenise.fr\/visite-guidee-privee-en-francais\/#primaryimage"},"image":{"@id":"https:\/\/bonjourvenise.fr\/visite-guidee-privee-en-francais\/#primaryimage"},"thumbnailUrl":"https:\/\/bonjourvenise.fr\/wp-content\/uploads\/2024\/05\/visite-guidee-venise.jpg","datePublished":"2025-09-18T13:31:48+00:00","dateModified":"2025-09-19T17:04:38+00:00","description":"Hier finden Sie die besten privaten F\u00fchrungen auf Deutsch, um das historische Zentrum von Venedig in nur wenigen Stunden zu entdecken!","breadcrumb":{"@id":"https:\/\/bonjourvenise.fr\/visite-guidee-privee-en-francais\/#breadcrumb"},"inLanguage":"de","potentialAction":[{"@type":"ReadAction","target":["https:\/\/bonjourvenise.fr\/visite-guidee-privee-en-francais\/"]}]},{"@type":"ImageObject","inLanguage":"de","@id":"https:\/\/bonjourvenise.fr\/visite-guidee-privee-en-francais\/#primaryimage","url":"https:\/\/bonjourvenise.fr\/wp-content\/uploads\/2024\/05\/visite-guidee-venise.jpg","contentUrl":"https:\/\/bonjourvenise.fr\/wp-content\/uploads\/2024\/05\/visite-guidee-venise.jpg","width":2000,"height":1600,"caption":"visite guidee venise"},{"@type":"BreadcrumbList","@id":"https:\/\/bonjourvenise.fr\/visite-guidee-privee-en-francais\/#breadcrumb","itemListElement":[{"@type":"ListItem","position":1,"name":"Accueil","item":"https:\/\/bonjourvenise.fr\/"},{"@type":"ListItem","position":2,"name":"L\u2019incroyable visite du centre historique de Venise"}]},{"@type":"WebSite","@id":"https:\/\/bonjourvenise.fr\/#website","url":"https:\/\/bonjourvenise.fr\/","name":"Hallo Venedig","description":"Tout pour visiter la ville de Venise en 2026 !","potentialAction":[{"@type":"SearchAction","target":{"@type":"EntryPoint","urlTemplate":"https:\/\/bonjourvenise.fr\/?s={search_term_string}"},"query-input":{"@type":"PropertyValueSpecification","valueRequired":true,"valueName":"search_term_string"}}],"inLanguage":"de"}]}},"_links":{"self":[{"href":"https:\/\/bonjourvenise.fr\/de\/wp-json\/wp\/v2\/pages\/3211","targetHints":{"allow":["GET"]}}],"collection":[{"href":"https:\/\/bonjourvenise.fr\/de\/wp-json\/wp\/v2\/pages"}],"about":[{"href":"https:\/\/bonjourvenise.fr\/de\/wp-json\/wp\/v2\/types\/page"}],"author":[{"embeddable":true,"href":"https:\/\/bonjourvenise.fr\/de\/wp-json\/wp\/v2\/users\/1"}],"replies":[{"embeddable":true,"href":"https:\/\/bonjourvenise.fr\/de\/wp-json\/wp\/v2\/comments?post=3211"}],"version-history":[{"count":6,"href":"https:\/\/bonjourvenise.fr\/de\/wp-json\/wp\/v2\/pages\/3211\/revisions"}],"predecessor-version":[{"id":3395,"href":"https:\/\/bonjourvenise.fr\/de\/wp-json\/wp\/v2\/pages\/3211\/revisions\/3395"}],"wp:featuredmedia":[{"embeddable":true,"href":"https:\/\/bonjourvenise.fr\/de\/wp-json\/wp\/v2\/media\/3217"}],"wp:attachment":[{"href":"https:\/\/bonjourvenise.fr\/de\/wp-json\/wp\/v2\/media?parent=3211"}],"curies":[{"name":"wp","href":"https:\/\/api.w.org\/{rel}","templated":true}]}}