{"id":3211,"date":"2025-09-18T13:31:48","date_gmt":"2025-09-18T13:31:48","guid":{"rendered":"https:\/\/bonjourvenise.fr\/?page_id=3211"},"modified":"2025-09-19T17:04:38","modified_gmt":"2025-09-19T17:04:38","slug":"visite-guidee-privee-en-francais","status":"publish","type":"page","link":"https:\/\/bonjourvenise.fr\/en\/private-guided-tour-in-french\/","title":{"rendered":"The incredible tour of Venice's historic center"},"content":{"rendered":"<p>Would you like to discover the best of Venice's historic center in just a few hours?<\/p>\n<h2>We offer private guided tours in French that will make your stay unforgettable.<\/h2>\n<p><img decoding=\"async\" data-src=\"https:\/\/bonjourvenise.fr\/wp-content\/uploads\/2024\/05\/visite-guidee-venise-1024x819.jpg\" alt=\"guided tour venice\" width=\"1024\" height=\"819\" class=\"alignnone size-large wp-image-3217 lazyload\" data-srcset=\"https:\/\/bonjourvenise.fr\/wp-content\/uploads\/2024\/05\/visite-guidee-venise-1024x819.jpg 1024w, https:\/\/bonjourvenise.fr\/wp-content\/uploads\/2024\/05\/visite-guidee-venise-300x240.jpg 300w, https:\/\/bonjourvenise.fr\/wp-content\/uploads\/2024\/05\/visite-guidee-venise-768x614.jpg 768w, https:\/\/bonjourvenise.fr\/wp-content\/uploads\/2024\/05\/visite-guidee-venise-1536x1229.jpg 1536w, https:\/\/bonjourvenise.fr\/wp-content\/uploads\/2024\/05\/visite-guidee-venise-15x12.jpg 15w, https:\/\/bonjourvenise.fr\/wp-content\/uploads\/2024\/05\/visite-guidee-venise.jpg 2000w\" data-sizes=\"(max-width: 1024px) 100vw, 1024px\" src=\"data:image\/svg+xml;base64,PHN2ZyB3aWR0aD0iMSIgaGVpZ2h0PSIxIiB4bWxucz0iaHR0cDovL3d3dy53My5vcmcvMjAwMC9zdmciPjwvc3ZnPg==\" style=\"--smush-placeholder-width: 1024px; --smush-placeholder-aspect-ratio: 1024\/819;\" \/><br \/>\n<img decoding=\"async\" class=\"img-full lazyload\" title=\"seen on\" data-src=\"https:\/\/bonjourvenise.fr\/wp-content\/uploads\/2024\/05\/banniere_logos_soccial.png\" alt=\"seen on\" src=\"data:image\/svg+xml;base64,PHN2ZyB3aWR0aD0iMSIgaGVpZ2h0PSIxIiB4bWxucz0iaHR0cDovL3d3dy53My5vcmcvMjAwMC9zdmciPjwvc3ZnPg==\" style=\"--smush-placeholder-width: 1024px; --smush-placeholder-aspect-ratio: 1024\/138;\" \/><\/p>\n<h2>How is the visit organized and what is seen?<\/h2>\n<p>The starting point for the tour is agreed with the guide, in the historic center.<\/p>\n<aside class=\"block-note\">\n<p class=\"block-offer-desc\">Here are a few <strong>benefits<\/strong> to book a visit with us:<\/p>\n<ul>\n<li>Your guide <strong>speak perfect French<\/strong>so there's no need to worry about communication<\/li>\n<li>It will show you <strong>typical places<\/strong>that still retain their authenticity<\/li>\n<li>He'll tell you <strong>anecdotes and stories<\/strong> that will make the places you visit fascinating<\/li>\n<li>It will show you <strong>the most beautiful viewpoints<\/strong> of Venice<\/li>\n<li>It will show you <strong>secret places<\/strong>those that don't appear in any guidebook and that Venetians don't want to share with tourists<\/li>\n<li>He'll make you a <strong>personalized tour<\/strong> to suit your tastes and walking pace<\/li>\n<li>Bonus: he'll take the time to <strong>create a personalized program for the rest of your stay<\/strong> (monuments, activities, restaurants, places to go out...)<\/li>\n<\/ul>\n<\/aside>\n<h3>Itin\u00e9raire de la visite guid\u00e9e \u00e0 pied<\/h3>\n<p>Voici l\u2019itin\u00e9raire de la visite que l\u2019on vous propose. Parfois, il se peut qu\u2019il soit l\u00e9g\u00e8rement modifi\u00e9, dans le but de vous proposer la <strong>meilleure exp\u00e9rience possible<\/strong> !<\/p>\n<h4>1. La place Saint-Marc<\/h4>\n<p>C\u2019est ici que tout commence, au c\u0153ur battant de Venise !<\/p>\n<p>Surnomm\u00e9e par Napol\u00e9on \u00ab le plus beau salon d\u2019Europe \u00bb, la <strong>place Saint-Marc<\/strong> est le lieu o\u00f9 se m\u00ealaient pouvoir politique, vie religieuse et mondanit\u00e9s.<br \/>\n<img decoding=\"async\" data-src=\"https:\/\/bonjourvenise.fr\/wp-content\/uploads\/2025\/09\/visite-guide-francophone-venise-1024x682.jpg\" alt=\"visite guide francophone venise\" width=\"1024\" height=\"682\" class=\"aligncenter size-large wp-image-3389 lazyload\" data-srcset=\"https:\/\/bonjourvenise.fr\/wp-content\/uploads\/2025\/09\/visite-guide-francophone-venise-1024x682.jpg 1024w, https:\/\/bonjourvenise.fr\/wp-content\/uploads\/2025\/09\/visite-guide-francophone-venise-300x200.jpg 300w, https:\/\/bonjourvenise.fr\/wp-content\/uploads\/2025\/09\/visite-guide-francophone-venise-768x512.jpg 768w, https:\/\/bonjourvenise.fr\/wp-content\/uploads\/2025\/09\/visite-guide-francophone-venise-18x12.jpg 18w, https:\/\/bonjourvenise.fr\/wp-content\/uploads\/2025\/09\/visite-guide-francophone-venise.jpg 1400w\" data-sizes=\"(max-width: 1024px) 100vw, 1024px\" src=\"data:image\/svg+xml;base64,PHN2ZyB3aWR0aD0iMSIgaGVpZ2h0PSIxIiB4bWxucz0iaHR0cDovL3d3dy53My5vcmcvMjAwMC9zdmciPjwvc3ZnPg==\" style=\"--smush-placeholder-width: 1024px; --smush-placeholder-aspect-ratio: 1024\/682;\" \/><br \/>\nVous y d\u00e9couvrirez le <strong>splendide Campanile<\/strong>the <strong>majestueuse basilique Saint-Marc<\/strong> avec ses mosa\u00efques \u00e9tincelantes, et l\u2019imposant <strong>Doge's Palace<\/strong>, symbole de la puissance de la S\u00e9r\u00e9nissime.<\/p>\n<p>Votre guide vous plongera dans les intrigues mill\u00e9naires qui se sont jou\u00e9es ici\u2026 jusqu\u2019au XVIIIe si\u00e8cle, entre les arcades \u00e9l\u00e9gantes des Procuratie Nuove et le <strong>mythique Caf\u00e9 Florian<\/strong>.<\/p>\n<h4>2. Du th\u00e9\u00e2tre de La Fenice au pont du Rialto<\/h4>\n<p>Nous poursuivrons par un d\u00e9dale de ruelles pleines de charme, pour rejoindre le <strong>Rialto bridge<\/strong>, v\u00e9ritable centre \u00e9conomique de la ville et l\u2019un de ses embl\u00e8mes <strong>les plus photographi\u00e9s<\/strong>.<br \/>\n<img decoding=\"async\" data-src=\"https:\/\/bonjourvenise.fr\/wp-content\/uploads\/2025\/09\/visite-guidee-en-francais-venise-1024x610.jpg\" alt=\"visite guidee en franc\u0327ais venise\" width=\"1024\" height=\"610\" class=\"aligncenter size-large wp-image-3390 lazyload\" data-srcset=\"https:\/\/bonjourvenise.fr\/wp-content\/uploads\/2025\/09\/visite-guidee-en-francais-venise-1024x610.jpg 1024w, https:\/\/bonjourvenise.fr\/wp-content\/uploads\/2025\/09\/visite-guidee-en-francais-venise-300x179.jpg 300w, https:\/\/bonjourvenise.fr\/wp-content\/uploads\/2025\/09\/visite-guidee-en-francais-venise-768x457.jpg 768w, https:\/\/bonjourvenise.fr\/wp-content\/uploads\/2025\/09\/visite-guidee-en-francais-venise-18x12.jpg 18w, https:\/\/bonjourvenise.fr\/wp-content\/uploads\/2025\/09\/visite-guidee-en-francais-venise.jpg 1280w\" data-sizes=\"(max-width: 1024px) 100vw, 1024px\" src=\"data:image\/svg+xml;base64,PHN2ZyB3aWR0aD0iMSIgaGVpZ2h0PSIxIiB4bWxucz0iaHR0cDovL3d3dy53My5vcmcvMjAwMC9zdmciPjwvc3ZnPg==\" style=\"--smush-placeholder-width: 1024px; --smush-placeholder-aspect-ratio: 1024\/610;\" \/><br \/>\nEn chemin, vous serez \u00e9merveill\u00e9s par l\u2019<strong>\u00e9l\u00e9gant th\u00e9\u00e2tre de La Fenice<\/strong>, joyau lyrique de Venise, ainsi que par l\u2019<strong>original escalier \u00e0 vis du palais Contarini del Bovolo<\/strong> (un endroit totalement insolite que peu de voyageurs connaissent !).<\/p>\n<h4>3. La place Santa Maria Formosa et les secrets cach\u00e9s<\/h4>\n<p>Notre balade nous m\u00e8nera enfin vers la vaste <strong>place Santa Maria Formosa<\/strong>, entour\u00e9e de palais historiques et pleine de vie.<\/p>\n<p>C\u2019est un endroit id\u00e9al pour d\u00e9couvrir un <strong>visage plus authentique et moins touristique de Venise<\/strong>.<\/p>\n<p>Cet itin\u00e9raire a \u00e9t\u00e9 con\u00e7u pour vous faire d\u00e9couvrir \u00e0 la fois les <strong>incontournables de Venise<\/strong>, mais aussi ses coins cach\u00e9s et insolites, accompagn\u00e9s d\u2019anecdotes passionnantes que vous ne trouverez dans <strong>aucun guide papier<\/strong>.<\/p>\n<h3>How long does the tour last?<\/h3>\n<p>It's a walking tour that lasts about 2 hours.<\/p>\n<h3>Will other people be joining us?<\/h3>\n<p>No, <strong>the visit is quite private<\/strong>.<br \/>\nWe only offer this type of tour if you want to <strong>the best possible experience<\/strong> and be as close as possible to your guide.<\/p>\n<p>Your guide will adapt to you, sharing a wealth of information, stories, secrets and anecdotes that you won't find anywhere else...<br \/>\nAnd you can <strong>ask all the questions you want<\/strong> !<\/p>\n<h3><strong> How can we offer you a personalized tour of Venice like a true Venetian? <\/strong><\/h3>\n<p><strong>Here are some important facts about us:<\/strong><\/p>\n<ul>\n<li>The Bonjour Venise website was created in 2023 and has become the <strong>reference<\/strong> on the Internet for French-speaking travellers to Venice<\/li>\n<li>Bonjour Venise is part of the Bonjour \u00c9vasion network and we have accompanied nearly <strong>40,000 passengers<\/strong> who made us <strong>trust<\/strong> and have booked a <strong>personalized guided tour with us<\/strong><\/li>\n<li>The Bonjour Venise website is consulted by more than <strong>100,000 passengers<\/strong> every year<\/li>\n<li>We are a team of 7 people at your service to help you discover Venice like a Venetian.<\/li>\n<li>The Bonjour Venise website has been <strong>recommended by the Guide du Routard<\/strong><\/li>\n<\/ul>\n<p><img decoding=\"async\" data-src=\"https:\/\/bonjourvenise.fr\/wp-content\/uploads\/2024\/05\/logo-recommandation-routard.png\" alt=\"routard recommendation logo\" width=\"300\" height=\"170\" class=\"aligncenter size-medium wp-image-1937 lazyload\" src=\"data:image\/svg+xml;base64,PHN2ZyB3aWR0aD0iMSIgaGVpZ2h0PSIxIiB4bWxucz0iaHR0cDovL3d3dy53My5vcmcvMjAwMC9zdmciPjwvc3ZnPg==\" style=\"--smush-placeholder-width: 300px; --smush-placeholder-aspect-ratio: 300\/170;\" \/><\/p>\n<p>Voici quelques exemples de retours de voyageurs qui ont fait la visite du centre historique avec nous:<\/p>\n<blockquote><p>\nNous sommes ravis par notre balade guid\u00e9e !! Le guide \u00e9tait passionnant et nous avons d\u00e9couvert plein d\u2019endroits loin de la foule . Nous avons pu d\u00e9couvrir aussi des sp\u00e9cialit\u00e9s locales !!<br \/>\nUn grand merci \ud83d\ude4f<\/p>\n<p style=\"text-align: right;\">C\u00e9cile<\/p>\n<p>La visite de Venise avec Walter \u00e9tait sublime ! Je suis d\u00e9j\u00e0 all\u00e9e \u00e0 Venise plusieurs fois, entre autres, pour le carnaval et j&rsquo;aime tout ce qui a trait \u00e0 l&rsquo;Histoire et l&rsquo;histoire (anecdotes etc&#8230;). j&rsquo;ai appris \u00e9norm\u00e9ment de choses que j&rsquo;ignorais.Walter est un homme charmant et tr\u00e8s int\u00e9ressant, je vous le recommande vivement !<\/p>\n<p style=\"text-align: right;\">Lisa<\/p>\n<p>Peut-on tout connaitre sur Venise, ville myst\u00e9rieuse et magique, pleine de lieux et de tr\u00e9sors cach\u00e9s. Cet \u00e9t\u00e9, nous avons fait la connaissance d\u2019une personne qui, au d\u00e9tour d\u2019un rio, le long d\u2019une calle ou au fond d\u2019une corte, saura vous faire d\u00e9couvrir les profondeurs et certains secrets de Venise. Cette personne (grande par sa taille et son savoir) se nomme Walter, il semble tout aussi myst\u00e9rieux que sa ville ador\u00e9e mais il vous captivera \u00e0 travers ses r\u00e9cits. Suivez le, \u00e9coutez le et surtout questionnez le, alors vous d\u00e9couvrirez l\u2019\u00e2me de Venise, une Venise authentique avec ses secrets et ses silences. Merci Walter, mais aussi \u00e0 ton \u00e9quipe pour tous ces moments de partage et cette envie de proposer \u00e0 nous, touristes aventureux, un\u2019altra visita.<\/p>\n<p style=\"text-align: right;\">Patrick<\/p>\n<p>J&rsquo;ai v\u00e9cu une exp\u00e9rience fantastique avec Walter ! Le guide \u00e9tait sympathique et comp\u00e9tent, et il a rendu la d\u00e9couverte de Venise amusante et instructive. Il m&rsquo;a emmen\u00e9 dans des endroits que je n&rsquo;aurais jamais d\u00e9couverts par moi-m\u00eame et m&rsquo;a racont\u00e9 des anecdotes fascinantes sur la ville. C&rsquo;\u00e9tait une v\u00e9ritable aventure personnelle, pas une simple visite.<\/p>\n<p style=\"text-align: right;\">Luca<\/p>\n<\/blockquote>\n<h3><strong>UNIQUE warranty<\/strong><\/h3>\n<p>If you didn't enjoy your visit, you simply don't pay and we promise to give you \u20ac50 to compensate you for your \"lost time\" (<strong>warranty valid only<\/strong> if you have completed the 2-hour tour and explained to your guide what you didn't like and why you were disappointed).<\/p>\n<p>So you don't have <strong>no risk<\/strong> book a tour with us and you're sure to have a great time!<\/p>\n<p>&nbsp;<\/p>\n<h3>How much does a private tour cost?<\/h3>\n<p>For a <strong>2-hour tour<\/strong>, cela revient \u00e0 249\u20ac seulement pour 1 ou 2 personnes, +15\u20ac\/personne suppl\u00e9mentaire au-del\u00e0 de 2 personnes. Gratuit pour les enfants de &#8211; de 10 ans.<\/p>\n<p>As a reminder, this is a private tour, with a guide just for you. <strong>for you<\/strong>.<\/p>\n<p>Exemple: si vous \u00eates 2, le tarif total est de 249\u20ac. Si vous \u00eates 3, le tarif total est de 264\u20ac.<\/p>\n<p>&nbsp;<\/p>\n<h3>How do I make a reservation?<\/h3>\n<p>Simply fill in the following form.<\/p>\n<p>We will then send you a message to confirm the visit and give you the exact meeting point.<\/p>\n<p>You can fill in the form below:<\/p>\n<div data-tf-inline-on-mobile data-tf-live=\"01HXS2D61366AXJKTZNQFW4MNE\"><\/div>\n<p><script src=\"\/\/embed.typeform.com\/next\/embed.js\"><\/script><\/p>\n<p>&nbsp;<\/p>\n<h3>FAQ<\/h3>\n<h4>Do I need to book far in advance?<\/h4>\n<p>Once you've made your decision to visit with us, please book as soon as possible, as we only have limited availability. This is particularly true at weekends and during school vacations.<\/p>\n<h4>Do you offer group tours?<\/h4>\n<p>No, we only offer private guided tours to give you the best possible experience.<\/p>\n<h4>What happens in bad weather?<\/h4>\n<p>Normally, the tour will go ahead. But your guide may decide to cancel if the weather is really bad, and suggest another day if possible.<\/p>\n<h4>Is a tour suitable for children?<\/h4>\n<p>Your guide is always adaptable and manages to captivate even the youngest visitors, so yes!<br \/>\nYour guide will suggest more breaks to avoid tiring them too much. However, they do need to be capable of walking for several hours.<\/p>\n<h4>I'm already familiar with the city, is the tour interesting for me?<\/h4>\n<p>The answer is yes! You can always rediscover the city from a different angle, a new aspect, with anecdotes and stories you've never heard before.<br \/>\nYou can specify this in the \"Additional information if required\" field, or at the very beginning of the tour, for example, so that your guide can adapt.<\/p>\n<h4>Is it possible to pay by any means other than cash at the end of the tour?<\/h4>\n<p>Yes, you can check this directly by e-mail with your guide after making your request.<\/p>\n<h4>Is it possible to get an invoice for this visit?<\/h4>\n<p>Yes, you can also view this directly by e-mail with your guide after making your request.<\/p>\n<p>&nbsp;<\/p>\n<h3>What if I have more questions?<\/h3>\n<p>You can send them to marie.bonjourvenise@gmail.com and Marie will get back to you as soon as possible.<br \/>\nOr call him direct on +351 911 747 178.<\/p>\n<p>See you soon and enjoy your visit!<\/p>","protected":false},"excerpt":{"rendered":"<p>Vous aimeriez d\u00e9couvrir le meilleur du centre historique de Venise en quelques heures seulement? Nous proposons des visites guid\u00e9es priv\u00e9es en fran\u00e7ais qui vont rendre votre s\u00e9jour inoubliable Comment se d\u00e9roule la visite et qu&rsquo;est-ce qui est vu ? Le point de d\u00e9part de la visite est fix\u00e9 avec le guide, dans le centre historique. [&hellip;]<\/p>\n","protected":false},"author":1,"featured_media":3217,"parent":0,"menu_order":0,"comment_status":"closed","ping_status":"closed","template":"page_landing.php","meta":{"om_disable_all_campaigns":false,"_genesis_hide_title":false,"_genesis_hide_breadcrumbs":false,"_genesis_hide_singular_image":false,"_genesis_hide_footer_widgets":false,"_genesis_custom_body_class":"","_genesis_custom_post_class":"","_genesis_layout":"","footnotes":""},"class_list":{"0":"post-3211","1":"page","2":"type-page","3":"status-publish","4":"has-post-thumbnail","6":"entry"},"yoast_head":"<!-- This site is optimized with the Yoast SEO Premium plugin v23.8 (Yoast SEO v27.5) - https:\/\/yoast.com\/product\/yoast-seo-premium-wordpress\/ -->\n<title>L\u2019incroyable visite du centre historique de Venise<\/title>\n<meta name=\"description\" content=\"Voici les meilleures visites guid\u00e9es priv\u00e9es en fran\u00e7ais pour d\u00e9couvrir le centre historique de Venise en quelques heures seulement !\" \/>\n<meta name=\"robots\" content=\"index, follow, max-snippet:-1, max-image-preview:large, max-video-preview:-1\" \/>\n<link rel=\"canonical\" href=\"https:\/\/bonjourvenise.fr\/en\/private-guided-tour-in-french\/\" \/>\n<meta property=\"og:locale\" content=\"en_US\" \/>\n<meta property=\"og:type\" content=\"article\" \/>\n<meta property=\"og:title\" content=\"L\u2019incroyable visite du centre historique de Venise\" \/>\n<meta property=\"og:description\" content=\"Voici les meilleures visites guid\u00e9es priv\u00e9es en fran\u00e7ais pour d\u00e9couvrir le centre historique de Venise en quelques heures seulement !\" \/>\n<meta property=\"og:url\" content=\"https:\/\/bonjourvenise.fr\/en\/private-guided-tour-in-french\/\" \/>\n<meta property=\"og:site_name\" content=\"Bonjour Venise\" \/>\n<meta property=\"article:modified_time\" content=\"2025-09-19T17:04:38+00:00\" \/>\n<meta property=\"og:image\" content=\"https:\/\/bonjourvenise.fr\/wp-content\/uploads\/2024\/05\/visite-guidee-venise.jpg\" \/>\n\t<meta property=\"og:image:width\" content=\"2000\" \/>\n\t<meta property=\"og:image:height\" content=\"1600\" \/>\n\t<meta property=\"og:image:type\" content=\"image\/jpeg\" \/>\n<meta name=\"twitter:card\" content=\"summary_large_image\" \/>\n<meta name=\"twitter:label1\" content=\"Est. reading time\" \/>\n\t<meta name=\"twitter:data1\" content=\"8 minutes\" \/>\n<script type=\"application\/ld+json\" class=\"yoast-schema-graph\">{\"@context\":\"https:\\\/\\\/schema.org\",\"@graph\":[{\"@type\":\"WebPage\",\"@id\":\"https:\\\/\\\/bonjourvenise.fr\\\/visite-guidee-privee-en-francais\\\/\",\"url\":\"https:\\\/\\\/bonjourvenise.fr\\\/visite-guidee-privee-en-francais\\\/\",\"name\":\"L\u2019incroyable visite du centre historique de Venise\",\"isPartOf\":{\"@id\":\"https:\\\/\\\/bonjourvenise.fr\\\/#website\"},\"primaryImageOfPage\":{\"@id\":\"https:\\\/\\\/bonjourvenise.fr\\\/visite-guidee-privee-en-francais\\\/#primaryimage\"},\"image\":{\"@id\":\"https:\\\/\\\/bonjourvenise.fr\\\/visite-guidee-privee-en-francais\\\/#primaryimage\"},\"thumbnailUrl\":\"https:\\\/\\\/bonjourvenise.fr\\\/wp-content\\\/uploads\\\/2024\\\/05\\\/visite-guidee-venise.jpg\",\"datePublished\":\"2025-09-18T13:31:48+00:00\",\"dateModified\":\"2025-09-19T17:04:38+00:00\",\"description\":\"Voici les meilleures visites guid\u00e9es priv\u00e9es en fran\u00e7ais pour d\u00e9couvrir le centre historique de Venise en quelques heures seulement !\",\"breadcrumb\":{\"@id\":\"https:\\\/\\\/bonjourvenise.fr\\\/visite-guidee-privee-en-francais\\\/#breadcrumb\"},\"inLanguage\":\"en-US\",\"potentialAction\":[{\"@type\":\"ReadAction\",\"target\":[\"https:\\\/\\\/bonjourvenise.fr\\\/visite-guidee-privee-en-francais\\\/\"]}]},{\"@type\":\"ImageObject\",\"inLanguage\":\"en-US\",\"@id\":\"https:\\\/\\\/bonjourvenise.fr\\\/visite-guidee-privee-en-francais\\\/#primaryimage\",\"url\":\"https:\\\/\\\/bonjourvenise.fr\\\/wp-content\\\/uploads\\\/2024\\\/05\\\/visite-guidee-venise.jpg\",\"contentUrl\":\"https:\\\/\\\/bonjourvenise.fr\\\/wp-content\\\/uploads\\\/2024\\\/05\\\/visite-guidee-venise.jpg\",\"width\":2000,\"height\":1600,\"caption\":\"visite guidee venise\"},{\"@type\":\"BreadcrumbList\",\"@id\":\"https:\\\/\\\/bonjourvenise.fr\\\/visite-guidee-privee-en-francais\\\/#breadcrumb\",\"itemListElement\":[{\"@type\":\"ListItem\",\"position\":1,\"name\":\"Accueil\",\"item\":\"https:\\\/\\\/bonjourvenise.fr\\\/\"},{\"@type\":\"ListItem\",\"position\":2,\"name\":\"L\u2019incroyable visite du centre historique de Venise\"}]},{\"@type\":\"WebSite\",\"@id\":\"https:\\\/\\\/bonjourvenise.fr\\\/#website\",\"url\":\"https:\\\/\\\/bonjourvenise.fr\\\/\",\"name\":\"Bonjour Venise\",\"description\":\"Tout pour visiter la ville de Venise en 2026 !\",\"potentialAction\":[{\"@type\":\"SearchAction\",\"target\":{\"@type\":\"EntryPoint\",\"urlTemplate\":\"https:\\\/\\\/bonjourvenise.fr\\\/?s={search_term_string}\"},\"query-input\":{\"@type\":\"PropertyValueSpecification\",\"valueRequired\":true,\"valueName\":\"search_term_string\"}}],\"inLanguage\":\"en-US\"}]}<\/script>\n<!-- \/ Yoast SEO Premium plugin. -->","yoast_head_json":{"title":"The incredible tour of Venice's historic center","description":"Here are the best private guided tours in French to discover Venice's historic center in just a few hours!","robots":{"index":"index","follow":"follow","max-snippet":"max-snippet:-1","max-image-preview":"max-image-preview:large","max-video-preview":"max-video-preview:-1"},"canonical":"https:\/\/bonjourvenise.fr\/en\/private-guided-tour-in-french\/","og_locale":"en_US","og_type":"article","og_title":"L\u2019incroyable visite du centre historique de Venise","og_description":"Voici les meilleures visites guid\u00e9es priv\u00e9es en fran\u00e7ais pour d\u00e9couvrir le centre historique de Venise en quelques heures seulement !","og_url":"https:\/\/bonjourvenise.fr\/en\/private-guided-tour-in-french\/","og_site_name":"Bonjour Venise","article_modified_time":"2025-09-19T17:04:38+00:00","og_image":[{"width":2000,"height":1600,"url":"https:\/\/bonjourvenise.fr\/wp-content\/uploads\/2024\/05\/visite-guidee-venise.jpg","type":"image\/jpeg"}],"twitter_card":"summary_large_image","twitter_misc":{"Est. reading time":"8 minutes"},"schema":{"@context":"https:\/\/schema.org","@graph":[{"@type":"WebPage","@id":"https:\/\/bonjourvenise.fr\/visite-guidee-privee-en-francais\/","url":"https:\/\/bonjourvenise.fr\/visite-guidee-privee-en-francais\/","name":"The incredible tour of Venice's historic center","isPartOf":{"@id":"https:\/\/bonjourvenise.fr\/#website"},"primaryImageOfPage":{"@id":"https:\/\/bonjourvenise.fr\/visite-guidee-privee-en-francais\/#primaryimage"},"image":{"@id":"https:\/\/bonjourvenise.fr\/visite-guidee-privee-en-francais\/#primaryimage"},"thumbnailUrl":"https:\/\/bonjourvenise.fr\/wp-content\/uploads\/2024\/05\/visite-guidee-venise.jpg","datePublished":"2025-09-18T13:31:48+00:00","dateModified":"2025-09-19T17:04:38+00:00","description":"Here are the best private guided tours in French to discover Venice's historic center in just a few hours!","breadcrumb":{"@id":"https:\/\/bonjourvenise.fr\/visite-guidee-privee-en-francais\/#breadcrumb"},"inLanguage":"en-US","potentialAction":[{"@type":"ReadAction","target":["https:\/\/bonjourvenise.fr\/visite-guidee-privee-en-francais\/"]}]},{"@type":"ImageObject","inLanguage":"en-US","@id":"https:\/\/bonjourvenise.fr\/visite-guidee-privee-en-francais\/#primaryimage","url":"https:\/\/bonjourvenise.fr\/wp-content\/uploads\/2024\/05\/visite-guidee-venise.jpg","contentUrl":"https:\/\/bonjourvenise.fr\/wp-content\/uploads\/2024\/05\/visite-guidee-venise.jpg","width":2000,"height":1600,"caption":"visite guidee venise"},{"@type":"BreadcrumbList","@id":"https:\/\/bonjourvenise.fr\/visite-guidee-privee-en-francais\/#breadcrumb","itemListElement":[{"@type":"ListItem","position":1,"name":"Accueil","item":"https:\/\/bonjourvenise.fr\/"},{"@type":"ListItem","position":2,"name":"L\u2019incroyable visite du centre historique de Venise"}]},{"@type":"WebSite","@id":"https:\/\/bonjourvenise.fr\/#website","url":"https:\/\/bonjourvenise.fr\/","name":"Hello Venice","description":"Tout pour visiter la ville de Venise en 2026 !","potentialAction":[{"@type":"SearchAction","target":{"@type":"EntryPoint","urlTemplate":"https:\/\/bonjourvenise.fr\/?s={search_term_string}"},"query-input":{"@type":"PropertyValueSpecification","valueRequired":true,"valueName":"search_term_string"}}],"inLanguage":"en-US"}]}},"_links":{"self":[{"href":"https:\/\/bonjourvenise.fr\/en\/wp-json\/wp\/v2\/pages\/3211","targetHints":{"allow":["GET"]}}],"collection":[{"href":"https:\/\/bonjourvenise.fr\/en\/wp-json\/wp\/v2\/pages"}],"about":[{"href":"https:\/\/bonjourvenise.fr\/en\/wp-json\/wp\/v2\/types\/page"}],"author":[{"embeddable":true,"href":"https:\/\/bonjourvenise.fr\/en\/wp-json\/wp\/v2\/users\/1"}],"replies":[{"embeddable":true,"href":"https:\/\/bonjourvenise.fr\/en\/wp-json\/wp\/v2\/comments?post=3211"}],"version-history":[{"count":6,"href":"https:\/\/bonjourvenise.fr\/en\/wp-json\/wp\/v2\/pages\/3211\/revisions"}],"predecessor-version":[{"id":3395,"href":"https:\/\/bonjourvenise.fr\/en\/wp-json\/wp\/v2\/pages\/3211\/revisions\/3395"}],"wp:featuredmedia":[{"embeddable":true,"href":"https:\/\/bonjourvenise.fr\/en\/wp-json\/wp\/v2\/media\/3217"}],"wp:attachment":[{"href":"https:\/\/bonjourvenise.fr\/en\/wp-json\/wp\/v2\/media?parent=3211"}],"curies":[{"name":"wp","href":"https:\/\/api.w.org\/{rel}","templated":true}]}}