{"id":3211,"date":"2025-09-18T13:31:48","date_gmt":"2025-09-18T13:31:48","guid":{"rendered":"https:\/\/bonjourvenise.fr\/?page_id=3211"},"modified":"2025-09-19T17:04:38","modified_gmt":"2025-09-19T17:04:38","slug":"visite-guidee-privee-en-francais","status":"publish","type":"page","link":"https:\/\/bonjourvenise.fr\/fr\/visite-guidee-privee-en-francais\/","title":{"rendered":"L\u2019incroyable visite du centre historique de Venise"},"content":{"rendered":"<p>Vous aimeriez d\u00e9couvrir le meilleur du centre historique de Venise en quelques heures seulement?<\/p>\n<h2>Nous proposons des visites guid\u00e9es priv\u00e9es en fran\u00e7ais qui vont rendre votre s\u00e9jour inoubliable<\/h2>\n<p><img decoding=\"async\" data-src=\"https:\/\/bonjourvenise.fr\/wp-content\/uploads\/2024\/05\/visite-guidee-venise-1024x819.jpg\" alt=\"visite guidee venise\" width=\"1024\" height=\"819\" class=\"alignnone size-large wp-image-3217 lazyload\" data-srcset=\"https:\/\/bonjourvenise.fr\/wp-content\/uploads\/2024\/05\/visite-guidee-venise-1024x819.jpg 1024w, https:\/\/bonjourvenise.fr\/wp-content\/uploads\/2024\/05\/visite-guidee-venise-300x240.jpg 300w, https:\/\/bonjourvenise.fr\/wp-content\/uploads\/2024\/05\/visite-guidee-venise-768x614.jpg 768w, https:\/\/bonjourvenise.fr\/wp-content\/uploads\/2024\/05\/visite-guidee-venise-1536x1229.jpg 1536w, https:\/\/bonjourvenise.fr\/wp-content\/uploads\/2024\/05\/visite-guidee-venise-15x12.jpg 15w, https:\/\/bonjourvenise.fr\/wp-content\/uploads\/2024\/05\/visite-guidee-venise.jpg 2000w\" data-sizes=\"(max-width: 1024px) 100vw, 1024px\" src=\"data:image\/svg+xml;base64,PHN2ZyB3aWR0aD0iMSIgaGVpZ2h0PSIxIiB4bWxucz0iaHR0cDovL3d3dy53My5vcmcvMjAwMC9zdmciPjwvc3ZnPg==\" style=\"--smush-placeholder-width: 1024px; --smush-placeholder-aspect-ratio: 1024\/819;\" \/><br \/>\n<img decoding=\"async\" class=\"img-full lazyload\" title=\"vu sur\" data-src=\"https:\/\/bonjourvenise.fr\/wp-content\/uploads\/2024\/05\/banniere_logos_soccial.png\" alt=\"vu sur\" src=\"data:image\/svg+xml;base64,PHN2ZyB3aWR0aD0iMSIgaGVpZ2h0PSIxIiB4bWxucz0iaHR0cDovL3d3dy53My5vcmcvMjAwMC9zdmciPjwvc3ZnPg==\" style=\"--smush-placeholder-width: 1024px; --smush-placeholder-aspect-ratio: 1024\/138;\" \/><\/p>\n<h2>Comment se d\u00e9roule la visite et qu&rsquo;est-ce qui est vu ?<\/h2>\n<p>Le point de d\u00e9part de la visite est fix\u00e9 avec le guide, dans le centre historique.<\/p>\n<aside class=\"block-note\">\n<p class=\"block-offer-desc\">Voici quelques <strong>avantages<\/strong> \u00e0 r\u00e9server une visite avec nous:<\/p>\n<ul>\n<li>Votre guide <strong>parlera parfaitement fran\u00e7ais<\/strong>, pour qu&rsquo;il n&rsquo;y ait aucun souci de communication<\/li>\n<li>Il vous montrera <strong>les endroits typiques<\/strong>, qui ont encore gard\u00e9 leur authenticit\u00e9<\/li>\n<li>Il vous racontera <strong>des anecdotes et histoires<\/strong> qui rendront passionnants les lieux visit\u00e9s<\/li>\n<li>Il vous montrera <strong>les plus beaux points de vue<\/strong> de Venise<\/li>\n<li>Il vous montrera <strong>des endroits secrets<\/strong>, ceux qui ne figurent sur aucun guide et que les v\u00e9nitiens ne veulent pas partager aux touristes<\/li>\n<li>Il vous fera une <strong>visite personnalis\u00e9e<\/strong> en fonction de vos go\u00fbts et de votre rythme de marche<\/li>\n<li>Bonus : il prendra le temps de <strong>vous concocter un programme personnalis\u00e9 pour le reste de votre s\u00e9jour<\/strong> (monuments, activit\u00e9s, restaurants, endroits o\u00f9 sortir&#8230;)<\/li>\n<\/ul>\n<\/aside>\n<h3>Itin\u00e9raire de la visite guid\u00e9e \u00e0 pied<\/h3>\n<p>Voici l\u2019itin\u00e9raire de la visite que l\u2019on vous propose. Parfois, il se peut qu\u2019il soit l\u00e9g\u00e8rement modifi\u00e9, dans le but de vous proposer la <strong>meilleure exp\u00e9rience possible<\/strong> !<\/p>\n<h4>1. La place Saint-Marc<\/h4>\n<p>C\u2019est ici que tout commence, au c\u0153ur battant de Venise !<\/p>\n<p>Surnomm\u00e9e par Napol\u00e9on \u00ab le plus beau salon d\u2019Europe \u00bb, la <strong>place Saint-Marc<\/strong> est le lieu o\u00f9 se m\u00ealaient pouvoir politique, vie religieuse et mondanit\u00e9s.<br \/>\n<img decoding=\"async\" data-src=\"https:\/\/bonjourvenise.fr\/wp-content\/uploads\/2025\/09\/visite-guide-francophone-venise-1024x682.jpg\" alt=\"visite guide francophone venise\" width=\"1024\" height=\"682\" class=\"aligncenter size-large wp-image-3389 lazyload\" data-srcset=\"https:\/\/bonjourvenise.fr\/wp-content\/uploads\/2025\/09\/visite-guide-francophone-venise-1024x682.jpg 1024w, https:\/\/bonjourvenise.fr\/wp-content\/uploads\/2025\/09\/visite-guide-francophone-venise-300x200.jpg 300w, https:\/\/bonjourvenise.fr\/wp-content\/uploads\/2025\/09\/visite-guide-francophone-venise-768x512.jpg 768w, https:\/\/bonjourvenise.fr\/wp-content\/uploads\/2025\/09\/visite-guide-francophone-venise-18x12.jpg 18w, https:\/\/bonjourvenise.fr\/wp-content\/uploads\/2025\/09\/visite-guide-francophone-venise.jpg 1400w\" data-sizes=\"(max-width: 1024px) 100vw, 1024px\" src=\"data:image\/svg+xml;base64,PHN2ZyB3aWR0aD0iMSIgaGVpZ2h0PSIxIiB4bWxucz0iaHR0cDovL3d3dy53My5vcmcvMjAwMC9zdmciPjwvc3ZnPg==\" style=\"--smush-placeholder-width: 1024px; --smush-placeholder-aspect-ratio: 1024\/682;\" \/><br \/>\nVous y d\u00e9couvrirez le <strong>splendide Campanile<\/strong>, la <strong>majestueuse basilique Saint-Marc<\/strong> avec ses mosa\u00efques \u00e9tincelantes, et l\u2019imposant <strong>Palais des Doges<\/strong>, symbole de la puissance de la S\u00e9r\u00e9nissime.<\/p>\n<p>Votre guide vous plongera dans les intrigues mill\u00e9naires qui se sont jou\u00e9es ici\u2026 jusqu\u2019au XVIIIe si\u00e8cle, entre les arcades \u00e9l\u00e9gantes des Procuratie Nuove et le <strong>mythique Caf\u00e9 Florian<\/strong>.<\/p>\n<h4>2. Du th\u00e9\u00e2tre de La Fenice au pont du Rialto<\/h4>\n<p>Nous poursuivrons par un d\u00e9dale de ruelles pleines de charme, pour rejoindre le <strong>pont du Rialto<\/strong>, v\u00e9ritable centre \u00e9conomique de la ville et l\u2019un de ses embl\u00e8mes <strong>les plus photographi\u00e9s<\/strong>.<br \/>\n<img decoding=\"async\" data-src=\"https:\/\/bonjourvenise.fr\/wp-content\/uploads\/2025\/09\/visite-guidee-en-francais-venise-1024x610.jpg\" alt=\"visite guidee en franc\u0327ais venise\" width=\"1024\" height=\"610\" class=\"aligncenter size-large wp-image-3390 lazyload\" data-srcset=\"https:\/\/bonjourvenise.fr\/wp-content\/uploads\/2025\/09\/visite-guidee-en-francais-venise-1024x610.jpg 1024w, https:\/\/bonjourvenise.fr\/wp-content\/uploads\/2025\/09\/visite-guidee-en-francais-venise-300x179.jpg 300w, https:\/\/bonjourvenise.fr\/wp-content\/uploads\/2025\/09\/visite-guidee-en-francais-venise-768x457.jpg 768w, https:\/\/bonjourvenise.fr\/wp-content\/uploads\/2025\/09\/visite-guidee-en-francais-venise-18x12.jpg 18w, https:\/\/bonjourvenise.fr\/wp-content\/uploads\/2025\/09\/visite-guidee-en-francais-venise.jpg 1280w\" data-sizes=\"(max-width: 1024px) 100vw, 1024px\" src=\"data:image\/svg+xml;base64,PHN2ZyB3aWR0aD0iMSIgaGVpZ2h0PSIxIiB4bWxucz0iaHR0cDovL3d3dy53My5vcmcvMjAwMC9zdmciPjwvc3ZnPg==\" style=\"--smush-placeholder-width: 1024px; --smush-placeholder-aspect-ratio: 1024\/610;\" \/><br \/>\nEn chemin, vous serez \u00e9merveill\u00e9s par l\u2019<strong>\u00e9l\u00e9gant th\u00e9\u00e2tre de La Fenice<\/strong>, joyau lyrique de Venise, ainsi que par l\u2019<strong>original escalier \u00e0 vis du palais Contarini del Bovolo<\/strong> (un endroit totalement insolite que peu de voyageurs connaissent !).<\/p>\n<h4>3. La place Santa Maria Formosa et les secrets cach\u00e9s<\/h4>\n<p>Notre balade nous m\u00e8nera enfin vers la vaste <strong>place Santa Maria Formosa<\/strong>, entour\u00e9e de palais historiques et pleine de vie.<\/p>\n<p>C\u2019est un endroit id\u00e9al pour d\u00e9couvrir un <strong>visage plus authentique et moins touristique de Venise<\/strong>.<\/p>\n<p>Cet itin\u00e9raire a \u00e9t\u00e9 con\u00e7u pour vous faire d\u00e9couvrir \u00e0 la fois les <strong>incontournables de Venise<\/strong>, mais aussi ses coins cach\u00e9s et insolites, accompagn\u00e9s d\u2019anecdotes passionnantes que vous ne trouverez dans <strong>aucun guide papier<\/strong>.<\/p>\n<h3>Combien de temps dure la visite ?<\/h3>\n<p>C&rsquo;est une visite \u00e0 pied qui dure environ 2 heures.<\/p>\n<h3>Est-ce que d&rsquo;autres personnes seront avec nous ?<\/h3>\n<p>Non, <strong>la visite est bien priv\u00e9e<\/strong>.<br \/>\nNous proposons uniquement ce type de visite pour avoir <strong>la meilleure exp\u00e9rience possible<\/strong> et \u00eatre au plus proche de votre guide.<\/p>\n<p>Votre guide s&rsquo;adaptera \u00e0 vous, vous partagera tout un tas d&rsquo;informations, d&rsquo;histoires, de secrets et d&rsquo;anecdotes que vous ne trouverez nulle part ailleurs&#8230;<br \/>\nEt vous pourrez lui <strong>poser toutes les questions que vous voulez<\/strong> !<\/p>\n<h3><strong> En quoi sommes-nous l\u00e9gitimes pour vous proposer une visite personnalis\u00e9e de Venise comme un v\u00e9ritable v\u00e9nitien ? <\/strong><\/h3>\n<p><strong>Voici quelques chiffres importants \u00e0 savoir sur nous:<\/strong><\/p>\n<ul>\n<li>Le site Bonjour Venise a \u00e9t\u00e9 cr\u00e9\u00e9 en 2023 et est devenu la <strong>r\u00e9f\u00e9rence<\/strong> sur internet pour les voyageurs francophones qui viennent visiter la ville de Venise<\/li>\n<li>Bonjour Venise fait partie du r\u00e9seau Bonjour \u00c9vasion et nous avons accompagn\u00e9 pr\u00e8s de <strong>40 000 voyageurs<\/strong> qui nous ont fait <strong>confiance<\/strong> et qui ont r\u00e9serv\u00e9 une <strong>visite guid\u00e9e personnalis\u00e9e avec nous<\/strong><\/li>\n<li>Le site Bonjour Venise est consult\u00e9 par plus de <strong>100 000 voyageurs<\/strong> chaque ann\u00e9e<\/li>\n<li>Nous sommes une \u00e9quipe de 7 personnes \u00e0 votre service pour vous faire d\u00e9couvrir Venise comme un V\u00e9nitien<\/li>\n<li>Le site Bonjour Venise a \u00e9t\u00e9 <strong>recommand\u00e9 par le Guide du Routard<\/strong><\/li>\n<\/ul>\n<p><img decoding=\"async\" data-src=\"https:\/\/bonjourvenise.fr\/wp-content\/uploads\/2024\/05\/logo-recommandation-routard.png\" alt=\"logo recommandation routard\" width=\"300\" height=\"170\" class=\"aligncenter size-medium wp-image-1937 lazyload\" src=\"data:image\/svg+xml;base64,PHN2ZyB3aWR0aD0iMSIgaGVpZ2h0PSIxIiB4bWxucz0iaHR0cDovL3d3dy53My5vcmcvMjAwMC9zdmciPjwvc3ZnPg==\" style=\"--smush-placeholder-width: 300px; --smush-placeholder-aspect-ratio: 300\/170;\" \/><\/p>\n<p>Voici quelques exemples de retours de voyageurs qui ont fait la visite du centre historique avec nous:<\/p>\n<blockquote><p>\nNous sommes ravis par notre balade guid\u00e9e !! Le guide \u00e9tait passionnant et nous avons d\u00e9couvert plein d\u2019endroits loin de la foule . Nous avons pu d\u00e9couvrir aussi des sp\u00e9cialit\u00e9s locales !!<br \/>\nUn grand merci \ud83d\ude4f<\/p>\n<p style=\"text-align: right;\">C\u00e9cile<\/p>\n<p>La visite de Venise avec Walter \u00e9tait sublime ! Je suis d\u00e9j\u00e0 all\u00e9e \u00e0 Venise plusieurs fois, entre autres, pour le carnaval et j&rsquo;aime tout ce qui a trait \u00e0 l&rsquo;Histoire et l&rsquo;histoire (anecdotes etc&#8230;). j&rsquo;ai appris \u00e9norm\u00e9ment de choses que j&rsquo;ignorais.Walter est un homme charmant et tr\u00e8s int\u00e9ressant, je vous le recommande vivement !<\/p>\n<p style=\"text-align: right;\">Lisa<\/p>\n<p>Peut-on tout connaitre sur Venise, ville myst\u00e9rieuse et magique, pleine de lieux et de tr\u00e9sors cach\u00e9s. Cet \u00e9t\u00e9, nous avons fait la connaissance d\u2019une personne qui, au d\u00e9tour d\u2019un rio, le long d\u2019une calle ou au fond d\u2019une corte, saura vous faire d\u00e9couvrir les profondeurs et certains secrets de Venise. Cette personne (grande par sa taille et son savoir) se nomme Walter, il semble tout aussi myst\u00e9rieux que sa ville ador\u00e9e mais il vous captivera \u00e0 travers ses r\u00e9cits. Suivez le, \u00e9coutez le et surtout questionnez le, alors vous d\u00e9couvrirez l\u2019\u00e2me de Venise, une Venise authentique avec ses secrets et ses silences. Merci Walter, mais aussi \u00e0 ton \u00e9quipe pour tous ces moments de partage et cette envie de proposer \u00e0 nous, touristes aventureux, un\u2019altra visita.<\/p>\n<p style=\"text-align: right;\">Patrick<\/p>\n<p>J&rsquo;ai v\u00e9cu une exp\u00e9rience fantastique avec Walter ! Le guide \u00e9tait sympathique et comp\u00e9tent, et il a rendu la d\u00e9couverte de Venise amusante et instructive. Il m&rsquo;a emmen\u00e9 dans des endroits que je n&rsquo;aurais jamais d\u00e9couverts par moi-m\u00eame et m&rsquo;a racont\u00e9 des anecdotes fascinantes sur la ville. C&rsquo;\u00e9tait une v\u00e9ritable aventure personnelle, pas une simple visite.<\/p>\n<p style=\"text-align: right;\">Luca<\/p>\n<\/blockquote>\n<h3><strong>Garantie UNIQUE<\/strong><\/h3>\n<p>Si vous n&rsquo;avez pas aim\u00e9 votre visite, vous ne payez pas tout simplement et nous nous engageons \u00e0 vous donner 50\u20ac pour vous d\u00e9dommager du \u00ab\u00a0temps perdu\u00a0\u00bb (<strong>garantie valable uniquement<\/strong> si vous avez effectu\u00e9 les 2 heures de visites et avez expliqu\u00e9 \u00e0 votre guide ce que vous n&rsquo;avez pas aim\u00e9 et pourquoi vous avez \u00e9t\u00e9 d\u00e9\u00e7us).<\/p>\n<p>Vous n&rsquo;avez donc <strong>aucun risque<\/strong> \u00e0 r\u00e9server une visite avec nous et vous \u00eates s\u00fbr de passer un superbe moment !<\/p>\n<p>&nbsp;<\/p>\n<h3>Quel est le tarif pour une visite priv\u00e9e ?<\/h3>\n<p>Pour une <strong>visite de 2h<\/strong>, cela revient \u00e0 249\u20ac seulement pour 1 ou 2 personnes, +15\u20ac\/personne suppl\u00e9mentaire au-del\u00e0 de 2 personnes. Gratuit pour les enfants de &#8211; de 10 ans.<\/p>\n<p>Pour rappel, la visite est bien priv\u00e9e, vous aurez un guide rien que <strong>pour vous<\/strong>.<\/p>\n<p>Exemple: si vous \u00eates 2, le tarif total est de 249\u20ac. Si vous \u00eates 3, le tarif total est de 264\u20ac.<\/p>\n<p>&nbsp;<\/p>\n<h3>Comment faire pour r\u00e9server ?<\/h3>\n<p>Il suffit de remplir le formulaire suivant.<\/p>\n<p>Nous vous enverrons ensuite un message pour vous confirmer la visite et vous donner le point exact de rendez-vous.<\/p>\n<p>Vous pouvez remplir le formulaire ci-dessous :<\/p>\n<div data-tf-inline-on-mobile data-tf-live=\"01HXS2D61366AXJKTZNQFW4MNE\"><\/div>\n<p><script src=\"\/\/embed.typeform.com\/next\/embed.js\"><\/script><\/p>\n<p>&nbsp;<\/p>\n<h3>FAQ<\/h3>\n<h4>Dois-je r\u00e9server longtemps \u00e0 l&rsquo;avance ?<\/h4>\n<p>Une fois que vous avez pris votre d\u00e9cision de faire une visite avec nous, je vous invite \u00e0 r\u00e9server le plus vite possible car nous n&rsquo;avons que peu de disponibilit\u00e9s. C&rsquo;est particuli\u00e8rement vrai pour les week-ends et p\u00e9riodes de vacances scolaires.<\/p>\n<h4>Fa\u00eetes-vous des visites de groupe ?<\/h4>\n<p>Non, nous ne proposons que des visites guid\u00e9es priv\u00e9es pour vous proposer la meilleure exp\u00e9rience possible.<\/p>\n<h4>Que se passe-t-il en cas de mauvaise m\u00e9t\u00e9o ?<\/h4>\n<p>Normalement, la visite est maintenue. Mais il se peut que votre guide d\u00e9cide d&rsquo;annuler si la m\u00e9t\u00e9o est vraiment mauvaise et vous propose un autre jour, lorsque cela est possible.<\/p>\n<h4>Une visite est-elle adapt\u00e9e aux enfants ?<\/h4>\n<p>Votre guide s&rsquo;adapte toujours et arrive \u00e0 captiver les plus jeunes donc oui !<br \/>\nVotre guide vous proposera plus de pauses pour \u00e9viter de trop les fatiguer. Il faut par contre qu&rsquo;ils soient capables\/aient envie de marcher pendant plusieurs heures bien s\u00fbr.<\/p>\n<h4>Je connais d\u00e9j\u00e0 la ville, est-ce que la visite est int\u00e9ressante pour moi ?<\/h4>\n<p>La r\u00e9ponse est oui ! Il est toujours possible de red\u00e9couvrir la ville sous un autre angle, un nouvel aspect, avec des anecdotes et histoires que vous ne connaissez pas encore.<br \/>\nVous pouvez le sp\u00e9cifier dans le champ \u00ab\u00a0Informations compl\u00e9mentaires si besoin\u00a0\u00bb ou en tout d\u00e9but de visite par exemple, pour que votre guide s&rsquo;adapte.<\/p>\n<h4>Est-il possible de r\u00e9gler autrement que par esp\u00e8ces \u00e0 la fin de la visite ?<\/h4>\n<p>Oui, vous pouvez voir cela directement par mail avec votre guide apr\u00e8s avoir fait votre demande.<\/p>\n<h4>Est-il possible d&rsquo;avoir une facture pour cette visite ?<\/h4>\n<p>Oui, vous pouvez \u00e9galement voir cela directement par mail avec votre guide apr\u00e8s avoir fait votre demande.<\/p>\n<p>&nbsp;<\/p>\n<h3>Et si j&rsquo;ai d&rsquo;autres questions ?<\/h3>\n<p>Vous pouvez les poser \u00e0 marie.bonjourvenise@gmail.com et Marie vous r\u00e9pondra au plus vite.<br \/>\nOu l&rsquo;appeler directement au +351 911 747 178.<\/p>\n<p>\u00c0 tr\u00e8s vite et excellente visite \u00e0 vous !<\/p>\n","protected":false},"excerpt":{"rendered":"<p>Vous aimeriez d\u00e9couvrir le meilleur du centre historique de Venise en quelques heures seulement? Nous proposons des visites guid\u00e9es priv\u00e9es en fran\u00e7ais qui vont rendre votre s\u00e9jour inoubliable Comment se d\u00e9roule la visite et qu&rsquo;est-ce qui est vu ? Le point de d\u00e9part de la visite est fix\u00e9 avec le guide, dans le centre historique. [&hellip;]<\/p>\n","protected":false},"author":1,"featured_media":3217,"parent":0,"menu_order":0,"comment_status":"closed","ping_status":"closed","template":"page_landing.php","meta":{"om_disable_all_campaigns":false,"_genesis_hide_title":false,"_genesis_hide_breadcrumbs":false,"_genesis_hide_singular_image":false,"_genesis_hide_footer_widgets":false,"_genesis_custom_body_class":"","_genesis_custom_post_class":"","_genesis_layout":"","footnotes":""},"class_list":{"0":"post-3211","1":"page","2":"type-page","3":"status-publish","4":"has-post-thumbnail","6":"entry"},"yoast_head":"<!-- This site is optimized with the Yoast SEO Premium plugin v23.8 (Yoast SEO v27.4) - https:\/\/yoast.com\/product\/yoast-seo-premium-wordpress\/ -->\n<title>L\u2019incroyable visite du centre historique de Venise<\/title>\n<meta name=\"description\" content=\"Voici les meilleures visites guid\u00e9es priv\u00e9es en fran\u00e7ais pour d\u00e9couvrir le centre historique de Venise en quelques heures seulement !\" \/>\n<meta name=\"robots\" content=\"index, follow, max-snippet:-1, max-image-preview:large, max-video-preview:-1\" \/>\n<link rel=\"canonical\" href=\"https:\/\/bonjourvenise.fr\/fr\/visite-guidee-privee-en-francais\/\" \/>\n<meta property=\"og:locale\" content=\"fr_FR\" \/>\n<meta property=\"og:type\" content=\"article\" \/>\n<meta property=\"og:title\" content=\"L\u2019incroyable visite du centre historique de Venise\" \/>\n<meta property=\"og:description\" content=\"Voici les meilleures visites guid\u00e9es priv\u00e9es en fran\u00e7ais pour d\u00e9couvrir le centre historique de Venise en quelques heures seulement !\" \/>\n<meta property=\"og:url\" content=\"https:\/\/bonjourvenise.fr\/fr\/visite-guidee-privee-en-francais\/\" \/>\n<meta property=\"og:site_name\" content=\"Bonjour Venise\" \/>\n<meta property=\"article:modified_time\" content=\"2025-09-19T17:04:38+00:00\" \/>\n<meta property=\"og:image\" content=\"https:\/\/bonjourvenise.fr\/wp-content\/uploads\/2024\/05\/visite-guidee-venise.jpg\" \/>\n\t<meta property=\"og:image:width\" content=\"2000\" \/>\n\t<meta property=\"og:image:height\" content=\"1600\" \/>\n\t<meta property=\"og:image:type\" content=\"image\/jpeg\" \/>\n<meta name=\"twitter:card\" content=\"summary_large_image\" \/>\n<meta name=\"twitter:label1\" content=\"Dur\u00e9e de lecture estim\u00e9e\" \/>\n\t<meta name=\"twitter:data1\" content=\"8 minutes\" \/>\n<script type=\"application\/ld+json\" class=\"yoast-schema-graph\">{\"@context\":\"https:\\\/\\\/schema.org\",\"@graph\":[{\"@type\":\"WebPage\",\"@id\":\"https:\\\/\\\/bonjourvenise.fr\\\/visite-guidee-privee-en-francais\\\/\",\"url\":\"https:\\\/\\\/bonjourvenise.fr\\\/visite-guidee-privee-en-francais\\\/\",\"name\":\"L\u2019incroyable visite du centre historique de Venise\",\"isPartOf\":{\"@id\":\"https:\\\/\\\/bonjourvenise.fr\\\/#website\"},\"primaryImageOfPage\":{\"@id\":\"https:\\\/\\\/bonjourvenise.fr\\\/visite-guidee-privee-en-francais\\\/#primaryimage\"},\"image\":{\"@id\":\"https:\\\/\\\/bonjourvenise.fr\\\/visite-guidee-privee-en-francais\\\/#primaryimage\"},\"thumbnailUrl\":\"https:\\\/\\\/bonjourvenise.fr\\\/wp-content\\\/uploads\\\/2024\\\/05\\\/visite-guidee-venise.jpg\",\"datePublished\":\"2025-09-18T13:31:48+00:00\",\"dateModified\":\"2025-09-19T17:04:38+00:00\",\"description\":\"Voici les meilleures visites guid\u00e9es priv\u00e9es en fran\u00e7ais pour d\u00e9couvrir le centre historique de Venise en quelques heures seulement !\",\"breadcrumb\":{\"@id\":\"https:\\\/\\\/bonjourvenise.fr\\\/visite-guidee-privee-en-francais\\\/#breadcrumb\"},\"inLanguage\":\"fr-FR\",\"potentialAction\":[{\"@type\":\"ReadAction\",\"target\":[\"https:\\\/\\\/bonjourvenise.fr\\\/visite-guidee-privee-en-francais\\\/\"]}]},{\"@type\":\"ImageObject\",\"inLanguage\":\"fr-FR\",\"@id\":\"https:\\\/\\\/bonjourvenise.fr\\\/visite-guidee-privee-en-francais\\\/#primaryimage\",\"url\":\"https:\\\/\\\/bonjourvenise.fr\\\/wp-content\\\/uploads\\\/2024\\\/05\\\/visite-guidee-venise.jpg\",\"contentUrl\":\"https:\\\/\\\/bonjourvenise.fr\\\/wp-content\\\/uploads\\\/2024\\\/05\\\/visite-guidee-venise.jpg\",\"width\":2000,\"height\":1600,\"caption\":\"visite guidee venise\"},{\"@type\":\"BreadcrumbList\",\"@id\":\"https:\\\/\\\/bonjourvenise.fr\\\/visite-guidee-privee-en-francais\\\/#breadcrumb\",\"itemListElement\":[{\"@type\":\"ListItem\",\"position\":1,\"name\":\"Accueil\",\"item\":\"https:\\\/\\\/bonjourvenise.fr\\\/\"},{\"@type\":\"ListItem\",\"position\":2,\"name\":\"L\u2019incroyable visite du centre historique de Venise\"}]},{\"@type\":\"WebSite\",\"@id\":\"https:\\\/\\\/bonjourvenise.fr\\\/#website\",\"url\":\"https:\\\/\\\/bonjourvenise.fr\\\/\",\"name\":\"Bonjour Venise\",\"description\":\"Tout pour visiter la ville de Venise en 2026 !\",\"potentialAction\":[{\"@type\":\"SearchAction\",\"target\":{\"@type\":\"EntryPoint\",\"urlTemplate\":\"https:\\\/\\\/bonjourvenise.fr\\\/?s={search_term_string}\"},\"query-input\":{\"@type\":\"PropertyValueSpecification\",\"valueRequired\":true,\"valueName\":\"search_term_string\"}}],\"inLanguage\":\"fr-FR\"}]}<\/script>\n<!-- \/ Yoast SEO Premium plugin. -->","yoast_head_json":{"title":"L\u2019incroyable visite du centre historique de Venise","description":"Voici les meilleures visites guid\u00e9es priv\u00e9es en fran\u00e7ais pour d\u00e9couvrir le centre historique de Venise en quelques heures seulement !","robots":{"index":"index","follow":"follow","max-snippet":"max-snippet:-1","max-image-preview":"max-image-preview:large","max-video-preview":"max-video-preview:-1"},"canonical":"https:\/\/bonjourvenise.fr\/fr\/visite-guidee-privee-en-francais\/","og_locale":"fr_FR","og_type":"article","og_title":"L\u2019incroyable visite du centre historique de Venise","og_description":"Voici les meilleures visites guid\u00e9es priv\u00e9es en fran\u00e7ais pour d\u00e9couvrir le centre historique de Venise en quelques heures seulement !","og_url":"https:\/\/bonjourvenise.fr\/fr\/visite-guidee-privee-en-francais\/","og_site_name":"Bonjour Venise","article_modified_time":"2025-09-19T17:04:38+00:00","og_image":[{"width":2000,"height":1600,"url":"https:\/\/bonjourvenise.fr\/wp-content\/uploads\/2024\/05\/visite-guidee-venise.jpg","type":"image\/jpeg"}],"twitter_card":"summary_large_image","twitter_misc":{"Dur\u00e9e de lecture estim\u00e9e":"8 minutes"},"schema":{"@context":"https:\/\/schema.org","@graph":[{"@type":"WebPage","@id":"https:\/\/bonjourvenise.fr\/visite-guidee-privee-en-francais\/","url":"https:\/\/bonjourvenise.fr\/visite-guidee-privee-en-francais\/","name":"L\u2019incroyable visite du centre historique de Venise","isPartOf":{"@id":"https:\/\/bonjourvenise.fr\/#website"},"primaryImageOfPage":{"@id":"https:\/\/bonjourvenise.fr\/visite-guidee-privee-en-francais\/#primaryimage"},"image":{"@id":"https:\/\/bonjourvenise.fr\/visite-guidee-privee-en-francais\/#primaryimage"},"thumbnailUrl":"https:\/\/bonjourvenise.fr\/wp-content\/uploads\/2024\/05\/visite-guidee-venise.jpg","datePublished":"2025-09-18T13:31:48+00:00","dateModified":"2025-09-19T17:04:38+00:00","description":"Voici les meilleures visites guid\u00e9es priv\u00e9es en fran\u00e7ais pour d\u00e9couvrir le centre historique de Venise en quelques heures seulement !","breadcrumb":{"@id":"https:\/\/bonjourvenise.fr\/visite-guidee-privee-en-francais\/#breadcrumb"},"inLanguage":"fr-FR","potentialAction":[{"@type":"ReadAction","target":["https:\/\/bonjourvenise.fr\/visite-guidee-privee-en-francais\/"]}]},{"@type":"ImageObject","inLanguage":"fr-FR","@id":"https:\/\/bonjourvenise.fr\/visite-guidee-privee-en-francais\/#primaryimage","url":"https:\/\/bonjourvenise.fr\/wp-content\/uploads\/2024\/05\/visite-guidee-venise.jpg","contentUrl":"https:\/\/bonjourvenise.fr\/wp-content\/uploads\/2024\/05\/visite-guidee-venise.jpg","width":2000,"height":1600,"caption":"visite guidee venise"},{"@type":"BreadcrumbList","@id":"https:\/\/bonjourvenise.fr\/visite-guidee-privee-en-francais\/#breadcrumb","itemListElement":[{"@type":"ListItem","position":1,"name":"Accueil","item":"https:\/\/bonjourvenise.fr\/"},{"@type":"ListItem","position":2,"name":"L\u2019incroyable visite du centre historique de Venise"}]},{"@type":"WebSite","@id":"https:\/\/bonjourvenise.fr\/#website","url":"https:\/\/bonjourvenise.fr\/","name":"Bonjour Venise","description":"Tout pour visiter la ville de Venise en 2026 !","potentialAction":[{"@type":"SearchAction","target":{"@type":"EntryPoint","urlTemplate":"https:\/\/bonjourvenise.fr\/?s={search_term_string}"},"query-input":{"@type":"PropertyValueSpecification","valueRequired":true,"valueName":"search_term_string"}}],"inLanguage":"fr-FR"}]}},"_links":{"self":[{"href":"https:\/\/bonjourvenise.fr\/fr\/wp-json\/wp\/v2\/pages\/3211","targetHints":{"allow":["GET"]}}],"collection":[{"href":"https:\/\/bonjourvenise.fr\/fr\/wp-json\/wp\/v2\/pages"}],"about":[{"href":"https:\/\/bonjourvenise.fr\/fr\/wp-json\/wp\/v2\/types\/page"}],"author":[{"embeddable":true,"href":"https:\/\/bonjourvenise.fr\/fr\/wp-json\/wp\/v2\/users\/1"}],"replies":[{"embeddable":true,"href":"https:\/\/bonjourvenise.fr\/fr\/wp-json\/wp\/v2\/comments?post=3211"}],"version-history":[{"count":6,"href":"https:\/\/bonjourvenise.fr\/fr\/wp-json\/wp\/v2\/pages\/3211\/revisions"}],"predecessor-version":[{"id":3395,"href":"https:\/\/bonjourvenise.fr\/fr\/wp-json\/wp\/v2\/pages\/3211\/revisions\/3395"}],"wp:featuredmedia":[{"embeddable":true,"href":"https:\/\/bonjourvenise.fr\/fr\/wp-json\/wp\/v2\/media\/3217"}],"wp:attachment":[{"href":"https:\/\/bonjourvenise.fr\/fr\/wp-json\/wp\/v2\/media?parent=3211"}],"curies":[{"name":"wp","href":"https:\/\/api.w.org\/{rel}","templated":true}]}}