{"id":3211,"date":"2025-09-18T13:31:48","date_gmt":"2025-09-18T13:31:48","guid":{"rendered":"https:\/\/bonjourvenise.fr\/?page_id=3211"},"modified":"2025-09-19T17:04:38","modified_gmt":"2025-09-19T17:04:38","slug":"visite-guidee-privee-en-francais","status":"publish","type":"page","link":"https:\/\/bonjourvenise.fr\/it\/visita-guidata-privata-in-francese\/","title":{"rendered":"L'incredibile tour del centro storico di Venezia"},"content":{"rendered":"<p>Volete scoprire il meglio del centro storico di Venezia in poche ore?<\/p>\n<h2>Offriamo visite guidate private in francese per rendere il vostro soggiorno indimenticabile.<\/h2>\n<p><img decoding=\"async\" data-src=\"https:\/\/bonjourvenise.fr\/wp-content\/uploads\/2024\/05\/visite-guidee-venise-1024x819.jpg\" alt=\"visita guidata di venezia\" width=\"1024\" height=\"819\" class=\"alignnone size-large wp-image-3217 lazyload\" data-srcset=\"https:\/\/bonjourvenise.fr\/wp-content\/uploads\/2024\/05\/visite-guidee-venise-1024x819.jpg 1024w, https:\/\/bonjourvenise.fr\/wp-content\/uploads\/2024\/05\/visite-guidee-venise-300x240.jpg 300w, https:\/\/bonjourvenise.fr\/wp-content\/uploads\/2024\/05\/visite-guidee-venise-768x614.jpg 768w, https:\/\/bonjourvenise.fr\/wp-content\/uploads\/2024\/05\/visite-guidee-venise-1536x1229.jpg 1536w, https:\/\/bonjourvenise.fr\/wp-content\/uploads\/2024\/05\/visite-guidee-venise-15x12.jpg 15w, https:\/\/bonjourvenise.fr\/wp-content\/uploads\/2024\/05\/visite-guidee-venise.jpg 2000w\" data-sizes=\"(max-width: 1024px) 100vw, 1024px\" src=\"data:image\/svg+xml;base64,PHN2ZyB3aWR0aD0iMSIgaGVpZ2h0PSIxIiB4bWxucz0iaHR0cDovL3d3dy53My5vcmcvMjAwMC9zdmciPjwvc3ZnPg==\" style=\"--smush-placeholder-width: 1024px; --smush-placeholder-aspect-ratio: 1024\/819;\" \/><br \/>\n<img decoding=\"async\" class=\"img-full lazyload\" title=\"visto su\" data-src=\"https:\/\/bonjourvenise.fr\/wp-content\/uploads\/2024\/05\/banniere_logos_soccial.png\" alt=\"visto su\" src=\"data:image\/svg+xml;base64,PHN2ZyB3aWR0aD0iMSIgaGVpZ2h0PSIxIiB4bWxucz0iaHR0cDovL3d3dy53My5vcmcvMjAwMC9zdmciPjwvc3ZnPg==\" style=\"--smush-placeholder-width: 1024px; --smush-placeholder-aspect-ratio: 1024\/138;\" \/><\/p>\n<h2>Come viene organizzata la visita e cosa si vede?<\/h2>\n<p>Il punto di partenza del tour viene concordato con la guida, nel centro storico.<\/p>\n<aside class=\"block-note\">\n<p class=\"block-offer-desc\">Ecco alcuni esempi <strong>benefici<\/strong> per prenotare una visita con noi:<\/p>\n<ul>\n<li>La vostra guida <strong>parlare perfettamente il francese<\/strong>in modo che non ci siano problemi di comunicazione<\/li>\n<li>Vi mostrer\u00e0 <strong>luoghi tipici<\/strong>che hanno mantenuto la loro autenticit\u00e0<\/li>\n<li>Vi dir\u00e0 <strong>aneddoti e storie<\/strong> che renderanno affascinanti i luoghi che visiterete<\/li>\n<li>Vi mostrer\u00e0 <strong>i punti panoramici pi\u00f9 belli<\/strong> di Venezia<\/li>\n<li>Vi mostrer\u00e0 <strong>luoghi segreti<\/strong>quelli che non sono presenti in nessuna guida e che i veneziani non vogliono condividere con i turisti<\/li>\n<li>Vi dar\u00e0 un <strong>tour personalizzato<\/strong> in base ai vostri gusti e al vostro ritmo di marcia<\/li>\n<li>Bonus: si prender\u00e0 il tempo di <strong>creare un programma personalizzato per il resto del vostro soggiorno<\/strong> (monumenti, attivit\u00e0, ristoranti, luoghi per uscire...)<\/li>\n<\/ul>\n<\/aside>\n<h3>Itin\u00e9raire de la visite guid\u00e9e \u00e0 pied<\/h3>\n<p>Voici l\u2019itin\u00e9raire de la visite que l\u2019on vous propose. Parfois, il se peut qu\u2019il soit l\u00e9g\u00e8rement modifi\u00e9, dans le but de vous proposer la <strong>meilleure exp\u00e9rience possible<\/strong> !<\/p>\n<h4>1. La place Saint-Marc<\/h4>\n<p>C\u2019est ici que tout commence, au c\u0153ur battant de Venise !<\/p>\n<p>Surnomm\u00e9e par Napol\u00e9on \u00ab le plus beau salon d\u2019Europe \u00bb, la <strong>luogo Saint-Marc<\/strong> est le lieu o\u00f9 se m\u00ealaient pouvoir politique, vie religieuse et mondanit\u00e9s.<br \/>\n<img decoding=\"async\" data-src=\"https:\/\/bonjourvenise.fr\/wp-content\/uploads\/2025\/09\/visite-guide-francophone-venise-1024x682.jpg\" alt=\"visite guide francophone venise\" width=\"1024\" height=\"682\" class=\"aligncenter size-large wp-image-3389 lazyload\" data-srcset=\"https:\/\/bonjourvenise.fr\/wp-content\/uploads\/2025\/09\/visite-guide-francophone-venise-1024x682.jpg 1024w, https:\/\/bonjourvenise.fr\/wp-content\/uploads\/2025\/09\/visite-guide-francophone-venise-300x200.jpg 300w, https:\/\/bonjourvenise.fr\/wp-content\/uploads\/2025\/09\/visite-guide-francophone-venise-768x512.jpg 768w, https:\/\/bonjourvenise.fr\/wp-content\/uploads\/2025\/09\/visite-guide-francophone-venise-18x12.jpg 18w, https:\/\/bonjourvenise.fr\/wp-content\/uploads\/2025\/09\/visite-guide-francophone-venise.jpg 1400w\" data-sizes=\"(max-width: 1024px) 100vw, 1024px\" src=\"data:image\/svg+xml;base64,PHN2ZyB3aWR0aD0iMSIgaGVpZ2h0PSIxIiB4bWxucz0iaHR0cDovL3d3dy53My5vcmcvMjAwMC9zdmciPjwvc3ZnPg==\" style=\"--smush-placeholder-width: 1024px; --smush-placeholder-aspect-ratio: 1024\/682;\" \/><br \/>\nVous y d\u00e9couvrirez le <strong>splendide Campanile<\/strong>il <strong>majestueuse basilique Saint-Marc<\/strong> avec ses mosa\u00efques \u00e9tincelantes, et l\u2019imposant <strong>Palazzo Ducale<\/strong>, symbole de la puissance de la S\u00e9r\u00e9nissime.<\/p>\n<p>Votre guide vous plongera dans les intrigues mill\u00e9naires qui se sont jou\u00e9es ici\u2026 jusqu\u2019au XVIIIe si\u00e8cle, entre les arcades \u00e9l\u00e9gantes des Procuratie Nuove et le <strong>mythique Caf\u00e9 Florian<\/strong>.<\/p>\n<h4>2. Du th\u00e9\u00e2tre de La Fenice au pont du Rialto<\/h4>\n<p>Nous poursuivrons par un d\u00e9dale de ruelles pleines de charme, pour rejoindre le <strong>Ponte di Rialto<\/strong>, v\u00e9ritable centre \u00e9conomique de la ville et l\u2019un de ses embl\u00e8mes <strong>les plus photographi\u00e9s<\/strong>.<br \/>\n<img decoding=\"async\" data-src=\"https:\/\/bonjourvenise.fr\/wp-content\/uploads\/2025\/09\/visite-guidee-en-francais-venise-1024x610.jpg\" alt=\"visite guidee en franc\u0327ais venise\" width=\"1024\" height=\"610\" class=\"aligncenter size-large wp-image-3390 lazyload\" data-srcset=\"https:\/\/bonjourvenise.fr\/wp-content\/uploads\/2025\/09\/visite-guidee-en-francais-venise-1024x610.jpg 1024w, https:\/\/bonjourvenise.fr\/wp-content\/uploads\/2025\/09\/visite-guidee-en-francais-venise-300x179.jpg 300w, https:\/\/bonjourvenise.fr\/wp-content\/uploads\/2025\/09\/visite-guidee-en-francais-venise-768x457.jpg 768w, https:\/\/bonjourvenise.fr\/wp-content\/uploads\/2025\/09\/visite-guidee-en-francais-venise-18x12.jpg 18w, https:\/\/bonjourvenise.fr\/wp-content\/uploads\/2025\/09\/visite-guidee-en-francais-venise.jpg 1280w\" data-sizes=\"(max-width: 1024px) 100vw, 1024px\" src=\"data:image\/svg+xml;base64,PHN2ZyB3aWR0aD0iMSIgaGVpZ2h0PSIxIiB4bWxucz0iaHR0cDovL3d3dy53My5vcmcvMjAwMC9zdmciPjwvc3ZnPg==\" style=\"--smush-placeholder-width: 1024px; --smush-placeholder-aspect-ratio: 1024\/610;\" \/><br \/>\nEn chemin, vous serez \u00e9merveill\u00e9s par l\u2019<strong>\u00e9l\u00e9gant th\u00e9\u00e2tre de La Fenice<\/strong>, joyau lyrique de Venise, ainsi que par l\u2019<strong>original escalier \u00e0 vis du palais Contarini del Bovolo<\/strong> (un endroit totalement insolite que peu de voyageurs connaissent !).<\/p>\n<h4>3. La place Santa Maria Formosa et les secrets cach\u00e9s<\/h4>\n<p>Notre balade nous m\u00e8nera enfin vers la vaste <strong>place Santa Maria Formosa<\/strong>, entour\u00e9e de palais historiques et pleine de vie.<\/p>\n<p>C\u2019est un endroit id\u00e9al pour d\u00e9couvrir un <strong>visage plus authentique et moins touristique de Venise<\/strong>.<\/p>\n<p>Cet itin\u00e9raire a \u00e9t\u00e9 con\u00e7u pour vous faire d\u00e9couvrir \u00e0 la fois les <strong>incontournables de Venise<\/strong>, mais aussi ses coins cach\u00e9s et insolites, accompagn\u00e9s d\u2019anecdotes passionnantes que vous ne trouverez dans <strong>aucun guide papier<\/strong>.<\/p>\n<h3>Quanto dura il tour?<\/h3>\n<p>Si tratta di un tour a piedi della durata di circa 2 ore.<\/p>\n<h3>Si uniranno a noi altre persone?<\/h3>\n<p>No, <strong>la visita \u00e8 molto riservata<\/strong>.<br \/>\nOffriamo questo tipo di visita solo se si desidera <strong>la migliore esperienza possibile<\/strong> e stare il pi\u00f9 vicino possibile alla guida.<\/p>\n<p>La vostra guida si adatter\u00e0 a voi, condividendo una ricchezza di informazioni, storie, segreti e aneddoti che non troverete da nessun'altra parte...<br \/>\nE si pu\u00f2 <strong>fate tutte le domande che volete<\/strong> !<\/p>\n<h3><strong> Come possiamo offrirvi un tour personalizzato di Venezia come un vero veneziano? <\/strong><\/h3>\n<p><strong>Ecco alcuni fatti e cifre importanti che ci riguardano:<\/strong><\/p>\n<ul>\n<li>Il sito web Bonjour Venise \u00e8 stato creato nel 2023 ed \u00e8 diventato il sito web di <strong>riferimento<\/strong> su internet per i viaggiatori di lingua francese che visitano Venezia<\/li>\n<li>Bonjour Venise fa parte della rete di Bonjour \u00c9vasion e ha accompagnato quasi <strong>40.000 passeggeri<\/strong> che ci ha fatto <strong>fiducia<\/strong> che hanno prenotato un <strong>una visita guidata personalizzata con noi<\/strong><\/li>\n<li>Il sito web di Bonjour Venise viene consultato da pi\u00f9 di <strong>100.000 passeggeri<\/strong> ogni anno<\/li>\n<li>Siamo un team di 7 persone al vostro servizio per aiutarvi a scoprire Venezia come un veneziano.<\/li>\n<li>Il sito web di Bonjour Venise \u00e8 stato <strong>raccomandato dalla Guide du Routard<\/strong><\/li>\n<\/ul>\n<p><img decoding=\"async\" data-src=\"https:\/\/bonjourvenise.fr\/wp-content\/uploads\/2024\/05\/logo-recommandation-routard.png\" alt=\"logo di raccomandazione routard\" width=\"300\" height=\"170\" class=\"aligncenter size-medium wp-image-1937 lazyload\" src=\"data:image\/svg+xml;base64,PHN2ZyB3aWR0aD0iMSIgaGVpZ2h0PSIxIiB4bWxucz0iaHR0cDovL3d3dy53My5vcmcvMjAwMC9zdmciPjwvc3ZnPg==\" style=\"--smush-placeholder-width: 300px; --smush-placeholder-aspect-ratio: 300\/170;\" \/><\/p>\n<p>Voici quelques exemples de retours de voyageurs qui ont fait la visite du centre historique avec nous:<\/p>\n<blockquote><p>\nNous sommes ravis par notre balade guid\u00e9e !! Le guide \u00e9tait passionnant et nous avons d\u00e9couvert plein d\u2019endroits loin de la foule . Nous avons pu d\u00e9couvrir aussi des sp\u00e9cialit\u00e9s locales !!<br \/>\nUn grand merci \ud83d\ude4f<\/p>\n<p style=\"text-align: right;\">C\u00e9cile<\/p>\n<p>La visite de Venise avec Walter \u00e9tait sublime ! Je suis d\u00e9j\u00e0 all\u00e9e \u00e0 Venise plusieurs fois, entre autres, pour le carnaval et j&rsquo;aime tout ce qui a trait \u00e0 l&rsquo;Histoire et l&rsquo;histoire (anecdotes etc&#8230;). j&rsquo;ai appris \u00e9norm\u00e9ment de choses que j&rsquo;ignorais.Walter est un homme charmant et tr\u00e8s int\u00e9ressant, je vous le recommande vivement !<\/p>\n<p style=\"text-align: right;\">Lisa<\/p>\n<p>Peut-on tout connaitre sur Venise, ville myst\u00e9rieuse et magique, pleine de lieux et de tr\u00e9sors cach\u00e9s. Cet \u00e9t\u00e9, nous avons fait la connaissance d\u2019une personne qui, au d\u00e9tour d\u2019un rio, le long d\u2019une calle ou au fond d\u2019une corte, saura vous faire d\u00e9couvrir les profondeurs et certains secrets de Venise. Cette personne (grande par sa taille et son savoir) se nomme Walter, il semble tout aussi myst\u00e9rieux que sa ville ador\u00e9e mais il vous captivera \u00e0 travers ses r\u00e9cits. Suivez le, \u00e9coutez le et surtout questionnez le, alors vous d\u00e9couvrirez l\u2019\u00e2me de Venise, une Venise authentique avec ses secrets et ses silences. Merci Walter, mais aussi \u00e0 ton \u00e9quipe pour tous ces moments de partage et cette envie de proposer \u00e0 nous, touristes aventureux, un\u2019altra visita.<\/p>\n<p style=\"text-align: right;\">Patrick<\/p>\n<p>J&rsquo;ai v\u00e9cu une exp\u00e9rience fantastique avec Walter ! Le guide \u00e9tait sympathique et comp\u00e9tent, et il a rendu la d\u00e9couverte de Venise amusante et instructive. Il m&rsquo;a emmen\u00e9 dans des endroits que je n&rsquo;aurais jamais d\u00e9couverts par moi-m\u00eame et m&rsquo;a racont\u00e9 des anecdotes fascinantes sur la ville. C&rsquo;\u00e9tait une v\u00e9ritable aventure personnelle, pas une simple visite.<\/p>\n<p style=\"text-align: right;\">Luca<\/p>\n<\/blockquote>\n<h3><strong>Garanzia UNICA<\/strong><\/h3>\n<p>Se la visita non vi \u00e8 piaciuta, semplicemente non pagate e vi promettiamo di darvi 50 euro per compensare il \"tempo perso\" (<strong>Garanzia valida solo per<\/strong> se avete completato il tour di 2 ore e avete spiegato alla guida cosa non vi \u00e8 piaciuto e perch\u00e9 siete rimasti delusi).<\/p>\n<p>Quindi non avete <strong>nessun rischio<\/strong> prenotate una visita con noi e vi divertirete sicuramente!<\/p>\n<p>&nbsp;<\/p>\n<h3>Quanto costa un tour privato?<\/h3>\n<p>Per un <strong>Tour di 2 ore<\/strong>Il prezzo \u00e8 di soli 249 euro per 1 o 2 persone, pi\u00f9 15 euro per persona aggiuntiva per pi\u00f9 di 2 persone. Gratis per i bambini sotto i 10 anni.<\/p>\n<p>Come promemoria, questo \u00e8 un tour privato, con una guida solo per voi. <strong>per voi<\/strong>.<\/p>\n<p>Esempio: se siete in 2, il prezzo totale \u00e8 di 249 \u20ac. Se siete in 3, il prezzo totale \u00e8 di 264 \u20ac.<\/p>\n<p>&nbsp;<\/p>\n<h3>Come si effettua una prenotazione?<\/h3>\n<p>\u00c8 sufficiente compilare il seguente modulo.<\/p>\n<p>Vi invieremo quindi un messaggio per confermare la visita e indicarvi il punto di incontro esatto.<\/p>\n<p>\u00c8 possibile compilare il modulo sottostante:<\/p>\n<div data-tf-inline-on-mobile data-tf-live=\"01HXS2D61366AXJKTZNQFW4MNE\"><\/div>\n<p><script src=\"\/\/embed.typeform.com\/next\/embed.js\"><\/script><\/p>\n<p>&nbsp;<\/p>\n<h3>FAQ<\/h3>\n<h4>\u00c8 necessario prenotare con largo anticipo?<\/h4>\n<p>Una volta presa la decisione di venire a trovarci, vi invito a prenotare il prima possibile, perch\u00e9 la disponibilit\u00e0 \u00e8 limitata. Questo vale soprattutto per i fine settimana e durante le vacanze scolastiche.<\/p>\n<h4>Organizzate visite di gruppo?<\/h4>\n<p>No, offriamo solo visite guidate private per offrirvi la migliore esperienza possibile.<\/p>\n<h4>Cosa succede se il tempo \u00e8 brutto?<\/h4>\n<p>Di norma, il tour viene effettuato. Tuttavia, se il tempo \u00e8 veramente brutto, la guida pu\u00f2 decidere di annullare l'escursione e proporvi un altro giorno, se possibile.<\/p>\n<h4>I tour sono adatti ai bambini?<\/h4>\n<p>La vostra guida \u00e8 sempre adattabile e riesce a catturare i visitatori pi\u00f9 giovani, quindi s\u00ec!<br \/>\nLa guida suggerir\u00e0 pi\u00f9 pause per non affaticarli troppo. Tuttavia, devono essere in grado di camminare per diverse ore.<\/p>\n<h4>Conosco gi\u00e0 la citt\u00e0, la visita \u00e8 interessante per me?<\/h4>\n<p>La risposta \u00e8 s\u00ec, e c'\u00e8 sempre tempo per riscoprire la citt\u00e0 da una nuova angolazione, con aneddoti e storie mai sentite prima.<br \/>\n\u00c8 possibile specificarlo nel campo \"Informazioni aggiuntive se richieste\" o all'inizio della visita, ad esempio, in modo che la guida possa adattarsi.<\/p>\n<h4>\u00c8 possibile pagare in modo diverso da quello in contanti alla fine della visita?<\/h4>\n<p>S\u00ec, \u00e8 possibile verificarlo direttamente via e-mail con la guida dopo aver effettuato la richiesta.<\/p>\n<h4>\u00c8 possibile ottenere una fattura per questa visita?<\/h4>\n<p>S\u00ec, \u00e8 possibile verificarlo direttamente via e-mail con la guida dopo aver effettuato la richiesta.<\/p>\n<p>&nbsp;<\/p>\n<h3>E se ho altre domande?<\/h3>\n<p>Potete inviare le vostre domande a marie.bonjourvenise@gmail.com e Marie vi risponder\u00e0 al pi\u00f9 presto.<br \/>\nOppure chiamatelo direttamente al numero +351 911 747 178.<\/p>\n<p>A presto e buona visita!<\/p>","protected":false},"excerpt":{"rendered":"<p>Vous aimeriez d\u00e9couvrir le meilleur du centre historique de Venise en quelques heures seulement? Nous proposons des visites guid\u00e9es priv\u00e9es en fran\u00e7ais qui vont rendre votre s\u00e9jour inoubliable Comment se d\u00e9roule la visite et qu&rsquo;est-ce qui est vu ? Le point de d\u00e9part de la visite est fix\u00e9 avec le guide, dans le centre historique. [&hellip;]<\/p>\n","protected":false},"author":1,"featured_media":3217,"parent":0,"menu_order":0,"comment_status":"closed","ping_status":"closed","template":"page_landing.php","meta":{"om_disable_all_campaigns":false,"_genesis_hide_title":false,"_genesis_hide_breadcrumbs":false,"_genesis_hide_singular_image":false,"_genesis_hide_footer_widgets":false,"_genesis_custom_body_class":"","_genesis_custom_post_class":"","_genesis_layout":"","footnotes":""},"class_list":{"0":"post-3211","1":"page","2":"type-page","3":"status-publish","4":"has-post-thumbnail","6":"entry"},"yoast_head":"<!-- This site is optimized with the Yoast SEO Premium plugin v23.8 (Yoast SEO v27.5) - https:\/\/yoast.com\/product\/yoast-seo-premium-wordpress\/ -->\n<title>L\u2019incroyable visite du centre historique de Venise<\/title>\n<meta name=\"description\" content=\"Voici les meilleures visites guid\u00e9es priv\u00e9es en fran\u00e7ais pour d\u00e9couvrir le centre historique de Venise en quelques heures seulement !\" \/>\n<meta name=\"robots\" content=\"index, follow, max-snippet:-1, max-image-preview:large, max-video-preview:-1\" \/>\n<link rel=\"canonical\" href=\"https:\/\/bonjourvenise.fr\/it\/visita-guidata-privata-in-francese\/\" \/>\n<meta property=\"og:locale\" content=\"it_IT\" \/>\n<meta property=\"og:type\" content=\"article\" \/>\n<meta property=\"og:title\" content=\"L\u2019incroyable visite du centre historique de Venise\" \/>\n<meta property=\"og:description\" content=\"Voici les meilleures visites guid\u00e9es priv\u00e9es en fran\u00e7ais pour d\u00e9couvrir le centre historique de Venise en quelques heures seulement !\" \/>\n<meta property=\"og:url\" content=\"https:\/\/bonjourvenise.fr\/it\/visita-guidata-privata-in-francese\/\" \/>\n<meta property=\"og:site_name\" content=\"Bonjour Venise\" \/>\n<meta property=\"article:modified_time\" content=\"2025-09-19T17:04:38+00:00\" \/>\n<meta property=\"og:image\" content=\"https:\/\/bonjourvenise.fr\/wp-content\/uploads\/2024\/05\/visite-guidee-venise.jpg\" \/>\n\t<meta property=\"og:image:width\" content=\"2000\" \/>\n\t<meta property=\"og:image:height\" content=\"1600\" \/>\n\t<meta property=\"og:image:type\" content=\"image\/jpeg\" \/>\n<meta name=\"twitter:card\" content=\"summary_large_image\" \/>\n<meta name=\"twitter:label1\" content=\"Tempo di lettura stimato\" \/>\n\t<meta name=\"twitter:data1\" content=\"8 minuti\" \/>\n<script type=\"application\/ld+json\" class=\"yoast-schema-graph\">{\"@context\":\"https:\\\/\\\/schema.org\",\"@graph\":[{\"@type\":\"WebPage\",\"@id\":\"https:\\\/\\\/bonjourvenise.fr\\\/visite-guidee-privee-en-francais\\\/\",\"url\":\"https:\\\/\\\/bonjourvenise.fr\\\/visite-guidee-privee-en-francais\\\/\",\"name\":\"L\u2019incroyable visite du centre historique de Venise\",\"isPartOf\":{\"@id\":\"https:\\\/\\\/bonjourvenise.fr\\\/#website\"},\"primaryImageOfPage\":{\"@id\":\"https:\\\/\\\/bonjourvenise.fr\\\/visite-guidee-privee-en-francais\\\/#primaryimage\"},\"image\":{\"@id\":\"https:\\\/\\\/bonjourvenise.fr\\\/visite-guidee-privee-en-francais\\\/#primaryimage\"},\"thumbnailUrl\":\"https:\\\/\\\/bonjourvenise.fr\\\/wp-content\\\/uploads\\\/2024\\\/05\\\/visite-guidee-venise.jpg\",\"datePublished\":\"2025-09-18T13:31:48+00:00\",\"dateModified\":\"2025-09-19T17:04:38+00:00\",\"description\":\"Voici les meilleures visites guid\u00e9es priv\u00e9es en fran\u00e7ais pour d\u00e9couvrir le centre historique de Venise en quelques heures seulement !\",\"breadcrumb\":{\"@id\":\"https:\\\/\\\/bonjourvenise.fr\\\/visite-guidee-privee-en-francais\\\/#breadcrumb\"},\"inLanguage\":\"it-IT\",\"potentialAction\":[{\"@type\":\"ReadAction\",\"target\":[\"https:\\\/\\\/bonjourvenise.fr\\\/visite-guidee-privee-en-francais\\\/\"]}]},{\"@type\":\"ImageObject\",\"inLanguage\":\"it-IT\",\"@id\":\"https:\\\/\\\/bonjourvenise.fr\\\/visite-guidee-privee-en-francais\\\/#primaryimage\",\"url\":\"https:\\\/\\\/bonjourvenise.fr\\\/wp-content\\\/uploads\\\/2024\\\/05\\\/visite-guidee-venise.jpg\",\"contentUrl\":\"https:\\\/\\\/bonjourvenise.fr\\\/wp-content\\\/uploads\\\/2024\\\/05\\\/visite-guidee-venise.jpg\",\"width\":2000,\"height\":1600,\"caption\":\"visite guidee venise\"},{\"@type\":\"BreadcrumbList\",\"@id\":\"https:\\\/\\\/bonjourvenise.fr\\\/visite-guidee-privee-en-francais\\\/#breadcrumb\",\"itemListElement\":[{\"@type\":\"ListItem\",\"position\":1,\"name\":\"Accueil\",\"item\":\"https:\\\/\\\/bonjourvenise.fr\\\/\"},{\"@type\":\"ListItem\",\"position\":2,\"name\":\"L\u2019incroyable visite du centre historique de Venise\"}]},{\"@type\":\"WebSite\",\"@id\":\"https:\\\/\\\/bonjourvenise.fr\\\/#website\",\"url\":\"https:\\\/\\\/bonjourvenise.fr\\\/\",\"name\":\"Bonjour Venise\",\"description\":\"Tout pour visiter la ville de Venise en 2026 !\",\"potentialAction\":[{\"@type\":\"SearchAction\",\"target\":{\"@type\":\"EntryPoint\",\"urlTemplate\":\"https:\\\/\\\/bonjourvenise.fr\\\/?s={search_term_string}\"},\"query-input\":{\"@type\":\"PropertyValueSpecification\",\"valueRequired\":true,\"valueName\":\"search_term_string\"}}],\"inLanguage\":\"it-IT\"}]}<\/script>\n<!-- \/ Yoast SEO Premium plugin. -->","yoast_head_json":{"title":"L'incredibile tour del centro storico di Venezia","description":"Ecco le migliori visite guidate private in francese per scoprire il centro storico di Venezia in poche ore!","robots":{"index":"index","follow":"follow","max-snippet":"max-snippet:-1","max-image-preview":"max-image-preview:large","max-video-preview":"max-video-preview:-1"},"canonical":"https:\/\/bonjourvenise.fr\/it\/visita-guidata-privata-in-francese\/","og_locale":"it_IT","og_type":"article","og_title":"L\u2019incroyable visite du centre historique de Venise","og_description":"Voici les meilleures visites guid\u00e9es priv\u00e9es en fran\u00e7ais pour d\u00e9couvrir le centre historique de Venise en quelques heures seulement !","og_url":"https:\/\/bonjourvenise.fr\/it\/visita-guidata-privata-in-francese\/","og_site_name":"Bonjour Venise","article_modified_time":"2025-09-19T17:04:38+00:00","og_image":[{"width":2000,"height":1600,"url":"https:\/\/bonjourvenise.fr\/wp-content\/uploads\/2024\/05\/visite-guidee-venise.jpg","type":"image\/jpeg"}],"twitter_card":"summary_large_image","twitter_misc":{"Tempo di lettura stimato":"8 minuti"},"schema":{"@context":"https:\/\/schema.org","@graph":[{"@type":"WebPage","@id":"https:\/\/bonjourvenise.fr\/visite-guidee-privee-en-francais\/","url":"https:\/\/bonjourvenise.fr\/visite-guidee-privee-en-francais\/","name":"L'incredibile tour del centro storico di Venezia","isPartOf":{"@id":"https:\/\/bonjourvenise.fr\/#website"},"primaryImageOfPage":{"@id":"https:\/\/bonjourvenise.fr\/visite-guidee-privee-en-francais\/#primaryimage"},"image":{"@id":"https:\/\/bonjourvenise.fr\/visite-guidee-privee-en-francais\/#primaryimage"},"thumbnailUrl":"https:\/\/bonjourvenise.fr\/wp-content\/uploads\/2024\/05\/visite-guidee-venise.jpg","datePublished":"2025-09-18T13:31:48+00:00","dateModified":"2025-09-19T17:04:38+00:00","description":"Ecco le migliori visite guidate private in francese per scoprire il centro storico di Venezia in poche ore!","breadcrumb":{"@id":"https:\/\/bonjourvenise.fr\/visite-guidee-privee-en-francais\/#breadcrumb"},"inLanguage":"it-IT","potentialAction":[{"@type":"ReadAction","target":["https:\/\/bonjourvenise.fr\/visite-guidee-privee-en-francais\/"]}]},{"@type":"ImageObject","inLanguage":"it-IT","@id":"https:\/\/bonjourvenise.fr\/visite-guidee-privee-en-francais\/#primaryimage","url":"https:\/\/bonjourvenise.fr\/wp-content\/uploads\/2024\/05\/visite-guidee-venise.jpg","contentUrl":"https:\/\/bonjourvenise.fr\/wp-content\/uploads\/2024\/05\/visite-guidee-venise.jpg","width":2000,"height":1600,"caption":"visite guidee venise"},{"@type":"BreadcrumbList","@id":"https:\/\/bonjourvenise.fr\/visite-guidee-privee-en-francais\/#breadcrumb","itemListElement":[{"@type":"ListItem","position":1,"name":"Accueil","item":"https:\/\/bonjourvenise.fr\/"},{"@type":"ListItem","position":2,"name":"L\u2019incroyable visite du centre historique de Venise"}]},{"@type":"WebSite","@id":"https:\/\/bonjourvenise.fr\/#website","url":"https:\/\/bonjourvenise.fr\/","name":"Ciao Venezia","description":"Tout pour visiter la ville de Venise en 2026 !","potentialAction":[{"@type":"SearchAction","target":{"@type":"EntryPoint","urlTemplate":"https:\/\/bonjourvenise.fr\/?s={search_term_string}"},"query-input":{"@type":"PropertyValueSpecification","valueRequired":true,"valueName":"search_term_string"}}],"inLanguage":"it-IT"}]}},"_links":{"self":[{"href":"https:\/\/bonjourvenise.fr\/it\/wp-json\/wp\/v2\/pages\/3211","targetHints":{"allow":["GET"]}}],"collection":[{"href":"https:\/\/bonjourvenise.fr\/it\/wp-json\/wp\/v2\/pages"}],"about":[{"href":"https:\/\/bonjourvenise.fr\/it\/wp-json\/wp\/v2\/types\/page"}],"author":[{"embeddable":true,"href":"https:\/\/bonjourvenise.fr\/it\/wp-json\/wp\/v2\/users\/1"}],"replies":[{"embeddable":true,"href":"https:\/\/bonjourvenise.fr\/it\/wp-json\/wp\/v2\/comments?post=3211"}],"version-history":[{"count":6,"href":"https:\/\/bonjourvenise.fr\/it\/wp-json\/wp\/v2\/pages\/3211\/revisions"}],"predecessor-version":[{"id":3395,"href":"https:\/\/bonjourvenise.fr\/it\/wp-json\/wp\/v2\/pages\/3211\/revisions\/3395"}],"wp:featuredmedia":[{"embeddable":true,"href":"https:\/\/bonjourvenise.fr\/it\/wp-json\/wp\/v2\/media\/3217"}],"wp:attachment":[{"href":"https:\/\/bonjourvenise.fr\/it\/wp-json\/wp\/v2\/media?parent=3211"}],"curies":[{"name":"wp","href":"https:\/\/api.w.org\/{rel}","templated":true}]}}