{"id":11,"date":"2022-03-18T15:27:12","date_gmt":"2022-03-18T15:27:12","guid":{"rendered":"https:\/\/bonjourvenise.fr\/?page_id=11"},"modified":"2022-03-18T15:27:12","modified_gmt":"2022-03-18T15:27:12","slug":"cgv","status":"publish","type":"page","link":"https:\/\/bonjourvenise.fr\/pt\/cgv\/","title":{"rendered":"Condi\u00e7\u00f5es gerais de venda e utiliza\u00e7\u00e3o"},"content":{"rendered":"<p>1. Ao visitar este blogue (bonjourvenise.wpengine.com), o utilizador compromete-se a ler, compreender e aceitar as condi\u00e7\u00f5es gerais de utiliza\u00e7\u00e3o deste blogue.<\/p>\n<p>2. Os servi\u00e7os e conselhos oferecidos por este blogue destinam-se a todos. No caso de as informa\u00e7\u00f5es e conselhos fornecidos neste blogue serem utilizados para fins comerciais, o utilizador ser\u00e1 legalmente obrigado a pagar ao autor uma compensa\u00e7\u00e3o igual a 75% das receitas geradas pela utiliza\u00e7\u00e3o dos conselhos e informa\u00e7\u00f5es do autor. Qualquer utiliza\u00e7\u00e3o, reprodu\u00e7\u00e3o, revenda ou simples comunica\u00e7\u00e3o, escrita ou oral, dos produtos, servi\u00e7os e conte\u00fados propostos por este blogue \u00e9 formalmente proibida sem o consentimento escrito deste blogue e do seu representante e ser\u00e1 sistematicamente objeto de ac\u00e7\u00f5es judiciais.<\/p>\n<p>3. O conte\u00fado deste blogue \u00e9 oferecido como um meio de partilhar informa\u00e7\u00f5es, pensamentos e conselhos.<\/p>\n<p>4. O utilizador compreende e aceita que as informa\u00e7\u00f5es e conselhos oferecidos por este blogue n\u00e3o podem ser utilizados para fins ilegais. O utilizador compreende e aceita que \u00e9 o \u00fanico respons\u00e1vel pelas suas ac\u00e7\u00f5es e respectivas consequ\u00eancias. Este blogue, o seu representante e os seus parceiros n\u00e3o podem ser responsabilizados em caso de utiliza\u00e7\u00e3o inadequada das suas informa\u00e7\u00f5es e conselhos, nem, de um modo mais geral, por qualquer consequ\u00eancia direta ou indireta das suas ac\u00e7\u00f5es. Este blogue, o seu representante e os seus parceiros n\u00e3o garantem quaisquer resultados na sequ\u00eancia da aplica\u00e7\u00e3o dos conselhos dados.<\/p>\n<p>6. bonjourvenise.wpengine.com n\u00e3o pode ser responsabilizado por erros de conte\u00fado, v\u00edrus ou qualquer outro elemento que possa afetar a integridade do seu equipamento inform\u00e1tico, nem pelas poss\u00edveis consequ\u00eancias de uma falha de seguran\u00e7a no seu sistema de pagamento Paypal\u2122. O utilizador assume sozinho os riscos associados \u00e0 utiliza\u00e7\u00e3o deste blogue, bem como de todos os s\u00edtios cujos links aparecem neste blogue.<\/p>\n<p>7. O utilizador compreende e aprova, quando envia a este blogue um testemunho escrito ou oral sobre um dos seus produtos ou servi\u00e7os, que este se torne propriedade do blogue, o que implica a transfer\u00eancia do direito de reprodu\u00e7\u00e3o, edi\u00e7\u00e3o e publica\u00e7\u00e3o. Salvo pedido em contr\u00e1rio por escrito, esta publica\u00e7\u00e3o pode mencionar o seu nome pr\u00f3prio, profiss\u00e3o e local de resid\u00eancia.<\/p>\n<p>8. Algumas partes do blogue s\u00e3o privadas e a equipa de modera\u00e7\u00e3o reserva-se o direito de acesso. Por conseguinte, pode ser-lhe recusado o acesso a estas \u00e1reas sem aviso ou justifica\u00e7\u00e3o.<\/p>\n<p>9. Nem este blogue, nem o seu autor ou empresa associada, s\u00e3o respons\u00e1veis por acontecimentos que possam ocorrer em determinados locais, com determinados servi\u00e7os ou com determinadas pessoas recomendadas neste blogue.<\/p>\n<p>10. Os servi\u00e7os propostos neste blogue n\u00e3o est\u00e3o sujeitos a qualquer obriga\u00e7\u00e3o de resultado, nem os dos parceiros e empresas recomendados.<\/p>\n<p>11. O utilizador compreende e aceita que, em caso de desacordo, os termos das presentes condi\u00e7\u00f5es gerais de venda e utiliza\u00e7\u00e3o prevalecem sobre qualquer comunica\u00e7\u00e3o oral ou escrita entre o utilizador e um dos representantes ou parceiros deste blogue.<\/p>\n<p>12. Ao subscrever a newsletter, concorda em receber artigos, v\u00eddeos, ofertas comerciais, podcasts e outros conselhos para o ajudar a tirar o m\u00e1ximo partido da sua viagem a Veneza.<\/p>","protected":false},"excerpt":{"rendered":"<p>1. En visitant ce blog (bonjourvenise.wpengine.com), vous vous engagez \u00e0 avoir lu, compris et accept\u00e9 les conditions g\u00e9n\u00e9rales d&rsquo;utilisation de ce blog. 2. Les services et les conseils propos\u00e9s par ce blog s&rsquo;adressent \u00e0 tout le monde. En cas d&rsquo;utilisation des informations et conseils prodigu\u00e9s sur ce blog \u00e0 des fins commerciales, vous serez de [&hellip;]<\/p>\n","protected":false},"author":1,"featured_media":0,"parent":0,"menu_order":0,"comment_status":"closed","ping_status":"closed","template":"","meta":{"om_disable_all_campaigns":false,"_genesis_hide_title":false,"_genesis_hide_breadcrumbs":false,"_genesis_hide_singular_image":false,"_genesis_hide_footer_widgets":false,"_genesis_custom_body_class":"","_genesis_custom_post_class":"","_genesis_layout":"","footnotes":""},"class_list":{"0":"post-11","1":"page","2":"type-page","3":"status-publish","5":"entry"},"yoast_head":"<!-- This site is optimized with the Yoast SEO Premium plugin v23.8 (Yoast SEO v27.5) - https:\/\/yoast.com\/product\/yoast-seo-premium-wordpress\/ -->\n<title>Conditions g\u00e9n\u00e9rales de vente et d\u2019utilisation<\/title>\n<meta name=\"robots\" content=\"index, follow, max-snippet:-1, max-image-preview:large, max-video-preview:-1\" \/>\n<link rel=\"canonical\" href=\"https:\/\/bonjourvenise.fr\/pt\/cgv\/\" \/>\n<meta property=\"og:locale\" content=\"pt_PT\" \/>\n<meta property=\"og:type\" content=\"article\" \/>\n<meta property=\"og:title\" content=\"Conditions g\u00e9n\u00e9rales de vente et d\u2019utilisation\" \/>\n<meta property=\"og:description\" content=\"1. En visitant ce blog (bonjourvenise.wpengine.com), vous vous engagez \u00e0 avoir lu, compris et accept\u00e9 les conditions g\u00e9n\u00e9rales d&rsquo;utilisation de ce blog. 2. Les services et les conseils propos\u00e9s par ce blog s&rsquo;adressent \u00e0 tout le monde. En cas d&rsquo;utilisation des informations et conseils prodigu\u00e9s sur ce blog \u00e0 des fins commerciales, vous serez de [&hellip;]\" \/>\n<meta property=\"og:url\" content=\"https:\/\/bonjourvenise.fr\/pt\/cgv\/\" \/>\n<meta property=\"og:site_name\" content=\"Bonjour Venise\" \/>\n<meta name=\"twitter:card\" content=\"summary_large_image\" \/>\n<meta name=\"twitter:label1\" content=\"Tempo estimado de leitura\" \/>\n\t<meta name=\"twitter:data1\" content=\"3 minutos\" \/>\n<script type=\"application\/ld+json\" class=\"yoast-schema-graph\">{\"@context\":\"https:\\\/\\\/schema.org\",\"@graph\":[{\"@type\":\"WebPage\",\"@id\":\"https:\\\/\\\/bonjourvenise.fr\\\/cgv\\\/\",\"url\":\"https:\\\/\\\/bonjourvenise.fr\\\/cgv\\\/\",\"name\":\"Conditions g\u00e9n\u00e9rales de vente et d\u2019utilisation\",\"isPartOf\":{\"@id\":\"https:\\\/\\\/bonjourvenise.fr\\\/#website\"},\"datePublished\":\"2022-03-18T15:27:12+00:00\",\"breadcrumb\":{\"@id\":\"https:\\\/\\\/bonjourvenise.fr\\\/cgv\\\/#breadcrumb\"},\"inLanguage\":\"pt-PT\",\"potentialAction\":[{\"@type\":\"ReadAction\",\"target\":[\"https:\\\/\\\/bonjourvenise.fr\\\/cgv\\\/\"]}]},{\"@type\":\"BreadcrumbList\",\"@id\":\"https:\\\/\\\/bonjourvenise.fr\\\/cgv\\\/#breadcrumb\",\"itemListElement\":[{\"@type\":\"ListItem\",\"position\":1,\"name\":\"Accueil\",\"item\":\"https:\\\/\\\/bonjourvenise.fr\\\/\"},{\"@type\":\"ListItem\",\"position\":2,\"name\":\"Conditions g\u00e9n\u00e9rales de vente et d\u2019utilisation\"}]},{\"@type\":\"WebSite\",\"@id\":\"https:\\\/\\\/bonjourvenise.fr\\\/#website\",\"url\":\"https:\\\/\\\/bonjourvenise.fr\\\/\",\"name\":\"Bonjour Venise\",\"description\":\"Tout pour visiter la ville de Venise en 2026 !\",\"potentialAction\":[{\"@type\":\"SearchAction\",\"target\":{\"@type\":\"EntryPoint\",\"urlTemplate\":\"https:\\\/\\\/bonjourvenise.fr\\\/?s={search_term_string}\"},\"query-input\":{\"@type\":\"PropertyValueSpecification\",\"valueRequired\":true,\"valueName\":\"search_term_string\"}}],\"inLanguage\":\"pt-PT\"}]}<\/script>\n<!-- \/ Yoast SEO Premium plugin. -->","yoast_head_json":{"title":"Condi\u00e7\u00f5es gerais de venda e utiliza\u00e7\u00e3o","robots":{"index":"index","follow":"follow","max-snippet":"max-snippet:-1","max-image-preview":"max-image-preview:large","max-video-preview":"max-video-preview:-1"},"canonical":"https:\/\/bonjourvenise.fr\/pt\/cgv\/","og_locale":"pt_PT","og_type":"article","og_title":"Conditions g\u00e9n\u00e9rales de vente et d\u2019utilisation","og_description":"1. En visitant ce blog (bonjourvenise.wpengine.com), vous vous engagez \u00e0 avoir lu, compris et accept\u00e9 les conditions g\u00e9n\u00e9rales d&rsquo;utilisation de ce blog. 2. Les services et les conseils propos\u00e9s par ce blog s&rsquo;adressent \u00e0 tout le monde. En cas d&rsquo;utilisation des informations et conseils prodigu\u00e9s sur ce blog \u00e0 des fins commerciales, vous serez de [&hellip;]","og_url":"https:\/\/bonjourvenise.fr\/pt\/cgv\/","og_site_name":"Bonjour Venise","twitter_card":"summary_large_image","twitter_misc":{"Tempo estimado de leitura":"3 minutos"},"schema":{"@context":"https:\/\/schema.org","@graph":[{"@type":"WebPage","@id":"https:\/\/bonjourvenise.fr\/cgv\/","url":"https:\/\/bonjourvenise.fr\/cgv\/","name":"Condi\u00e7\u00f5es gerais de venda e utiliza\u00e7\u00e3o","isPartOf":{"@id":"https:\/\/bonjourvenise.fr\/#website"},"datePublished":"2022-03-18T15:27:12+00:00","breadcrumb":{"@id":"https:\/\/bonjourvenise.fr\/cgv\/#breadcrumb"},"inLanguage":"pt-PT","potentialAction":[{"@type":"ReadAction","target":["https:\/\/bonjourvenise.fr\/cgv\/"]}]},{"@type":"BreadcrumbList","@id":"https:\/\/bonjourvenise.fr\/cgv\/#breadcrumb","itemListElement":[{"@type":"ListItem","position":1,"name":"Accueil","item":"https:\/\/bonjourvenise.fr\/"},{"@type":"ListItem","position":2,"name":"Conditions g\u00e9n\u00e9rales de vente et d\u2019utilisation"}]},{"@type":"WebSite","@id":"https:\/\/bonjourvenise.fr\/#website","url":"https:\/\/bonjourvenise.fr\/","name":"Ol\u00e1 Veneza","description":"Tout pour visiter la ville de Venise en 2026 !","potentialAction":[{"@type":"SearchAction","target":{"@type":"EntryPoint","urlTemplate":"https:\/\/bonjourvenise.fr\/?s={search_term_string}"},"query-input":{"@type":"PropertyValueSpecification","valueRequired":true,"valueName":"search_term_string"}}],"inLanguage":"pt-PT"}]}},"_links":{"self":[{"href":"https:\/\/bonjourvenise.fr\/pt\/wp-json\/wp\/v2\/pages\/11","targetHints":{"allow":["GET"]}}],"collection":[{"href":"https:\/\/bonjourvenise.fr\/pt\/wp-json\/wp\/v2\/pages"}],"about":[{"href":"https:\/\/bonjourvenise.fr\/pt\/wp-json\/wp\/v2\/types\/page"}],"author":[{"embeddable":true,"href":"https:\/\/bonjourvenise.fr\/pt\/wp-json\/wp\/v2\/users\/1"}],"replies":[{"embeddable":true,"href":"https:\/\/bonjourvenise.fr\/pt\/wp-json\/wp\/v2\/comments?post=11"}],"version-history":[{"count":0,"href":"https:\/\/bonjourvenise.fr\/pt\/wp-json\/wp\/v2\/pages\/11\/revisions"}],"wp:attachment":[{"href":"https:\/\/bonjourvenise.fr\/pt\/wp-json\/wp\/v2\/media?parent=11"}],"curies":[{"name":"wp","href":"https:\/\/api.w.org\/{rel}","templated":true}]}}