{"id":12,"date":"2022-03-18T15:26:24","date_gmt":"2022-03-18T15:26:24","guid":{"rendered":"https:\/\/bonjourvenise.fr\/?page_id=12"},"modified":"2022-03-18T15:26:24","modified_gmt":"2022-03-18T15:26:24","slug":"mentions-legales","status":"publish","type":"page","link":"https:\/\/bonjourvenise.fr\/pt\/informacao-juridica\/","title":{"rendered":"Informa\u00e7\u00e3o jur\u00eddica"},"content":{"rendered":"<p>As presentes condi\u00e7\u00f5es gerais definem as condi\u00e7\u00f5es de utiliza\u00e7\u00e3o do servi\u00e7o Web bonjourvenise.wpengine.com.<br \/>\nO utilizador reconhece que leu este documento e aceita todas as informa\u00e7\u00f5es, quer a utiliza\u00e7\u00e3o seja feita a t\u00edtulo pessoal ou profissional. Se a utiliza\u00e7\u00e3o for feita a t\u00edtulo profissional, o utilizador garante que tem os poderes necess\u00e1rios para aceitar as presentes condi\u00e7\u00f5es gerais na sua organiza\u00e7\u00e3o.<\/p>\n<p><strong>Editor do s\u00edtio<\/strong><br \/>\nEste s\u00edtio Web \u00e9 editado por Thibaut Pakiry.<br \/>\nEmpresa associada: Thibaut Pakiry Unipessoal Lda.<br \/>\nImposto de registo: 513 876 707<\/p>\n<p><strong>Alojamento<\/strong><br \/>\nEste s\u00edtio \u00e9 alojado pela Rainmaker digital, LLC :<\/p>\n<p><strong>Responsabilidade civil<\/strong><br \/>\nO editor do s\u00edtio fornece uma vasta gama de conte\u00fados informativos gratuitos. Esfor\u00e7a-se constantemente por assegurar os meios \u00e0 sua disposi\u00e7\u00e3o para garantir a qualidade destes conte\u00fados. No entanto, \u00e9 da responsabilidade do utilizador assegurar-se de que estas informa\u00e7\u00f5es s\u00e3o pertinentes para a sua situa\u00e7\u00e3o. Por conseguinte, o utilizador compromete-se a utilizar estas informa\u00e7\u00f5es por sua conta e risco e isenta o editor de qualquer responsabilidade a este respeito.<\/p>\n<p><strong>Propriedade intelectual<\/strong><br \/>\nA estrutura geral, os textos, as imagens, os v\u00eddeos, o know-how e todos os outros elementos que comp\u00f5em o s\u00edtio s\u00e3o propriedade exclusiva do editor do s\u00edtio, salvo indica\u00e7\u00e3o em contr\u00e1rio.<\/p>\n<p>Qualquer representa\u00e7\u00e3o total ou parcial deste site por qualquer pessoa sem a autoriza\u00e7\u00e3o expressa do editor \u00e9 proibida e constituiria uma infra\u00e7\u00e3o pun\u00edvel pelos artigos L. 335-2 e seguintes do C\u00f3digo da Propriedade Intelectual. No entanto, em conformidade com o artigo L. 122-5 do C\u00f3digo da Propriedade Intelectual franc\u00eas, s\u00e3o autorizadas cita\u00e7\u00f5es curtas do conte\u00fado, desde que o nome do autor e a fonte sejam claramente indicados, atrav\u00e9s de uma hiperliga\u00e7\u00e3o para uma das p\u00e1ginas deste s\u00edtio Web.<\/p>\n<p><strong>Responsabilidade pela utiliza\u00e7\u00e3o do servi\u00e7o<\/strong><br \/>\nO utilizador compromete-se a n\u00e3o perturbar o funcionamento do servi\u00e7o bonjourvenise.wpengine.com, seja de que forma for.<br \/>\nEm especial, os utilizadores comprometem-se a n\u00e3o publicar mensagens il\u00edcitas, difamat\u00f3rias ou injuriosas na totalidade ou em parte do s\u00edtio.<\/p>\n<p>Os coment\u00e1rios publicados pelos internautas reflectem exclusivamente a opini\u00e3o dos seus autores e permanecem sob a sua responsabilidade. Ao publicar coment\u00e1rios no s\u00edtio, os internautas comprometem-se a respeitar o direito franc\u00eas e internacional.<\/p>\n<p>Os administradores do s\u00edtio reservam-se o direito de moderar, modificar ou apagar quaisquer coment\u00e1rios que considerem estar a violar estas leis.<\/p>\n<p><strong>Biscoitos<\/strong><br \/>\nOs utilizadores s\u00e3o informados de que podem ser instalados cookies no seu programa de navega\u00e7\u00e3o. Em todos os casos, os utilizadores s\u00e3o livres de apagar os cookies do seu navegador.<\/p>\n<p><strong>Filia\u00e7\u00e3o\/parceria<\/strong><br \/>\nO meu principal objetivo com este blogue \u00e9 fornecer-lhe o m\u00e1ximo de valor poss\u00edvel, gratuitamente. Para tal, tenho uma rela\u00e7\u00e3o de afilia\u00e7\u00e3o\/parceria com determinados fornecedores dos bens e servi\u00e7os de que falo neste blogue. Por conseguinte, posso receber uma compensa\u00e7\u00e3o quando compra um bem ou servi\u00e7o a esses fornecedores, sem que isso aumente o pre\u00e7o final que paga. Estas comiss\u00f5es permitem-me oferecer-lhe cada vez mais conte\u00fados gratuitos, por isso agrade\u00e7o-lhe se passar pelos meus links\/parceiros! Note-se que, por uma quest\u00e3o de integridade intelectual e profissional, nunca recomendarei um produto que n\u00e3o acredite sinceramente ser de elevada qualidade.<\/p>\n<p><strong>Im\u00f3veis<\/strong><br \/>\nEste s\u00edtio \u00e9 propriedade exclusiva de Thibaut Pakiry.<\/p>","protected":false},"excerpt":{"rendered":"<p>Les pr\u00e9sentes conditions g\u00e9n\u00e9rales fixent les modalit\u00e9s d\u2019utilisation du service web bonjourvenise.wpengine.com L\u2019utilisateur reconnait avoir pris connaissance de ce document et accept\u00e9 l\u2019ensemble de ces informations, que cet usage soit fait \u00e0 titre personnel ou professionnel. Si cet usage est fait \u00e0 titre professionnel, l\u2019utilisateur garantit d\u00e9tenir les pouvoirs n\u00e9cessaires pour accepter ces conditions g\u00e9n\u00e9rales [&hellip;]<\/p>\n","protected":false},"author":1,"featured_media":0,"parent":0,"menu_order":0,"comment_status":"closed","ping_status":"closed","template":"","meta":{"om_disable_all_campaigns":false,"_genesis_hide_title":false,"_genesis_hide_breadcrumbs":false,"_genesis_hide_singular_image":false,"_genesis_hide_footer_widgets":false,"_genesis_custom_body_class":"","_genesis_custom_post_class":"","_genesis_layout":"","footnotes":""},"class_list":{"0":"post-12","1":"page","2":"type-page","3":"status-publish","5":"entry"},"yoast_head":"<!-- This site is optimized with the Yoast SEO Premium plugin v23.8 (Yoast SEO v27.5) - https:\/\/yoast.com\/product\/yoast-seo-premium-wordpress\/ -->\n<title>Mentions l\u00e9gales<\/title>\n<meta name=\"robots\" content=\"index, follow, max-snippet:-1, max-image-preview:large, max-video-preview:-1\" \/>\n<link rel=\"canonical\" href=\"https:\/\/bonjourvenise.fr\/pt\/informacao-juridica\/\" \/>\n<meta property=\"og:locale\" content=\"pt_PT\" \/>\n<meta property=\"og:type\" content=\"article\" \/>\n<meta property=\"og:title\" content=\"Mentions l\u00e9gales\" \/>\n<meta property=\"og:description\" content=\"Les pr\u00e9sentes conditions g\u00e9n\u00e9rales fixent les modalit\u00e9s d\u2019utilisation du service web bonjourvenise.wpengine.com L\u2019utilisateur reconnait avoir pris connaissance de ce document et accept\u00e9 l\u2019ensemble de ces informations, que cet usage soit fait \u00e0 titre personnel ou professionnel. Si cet usage est fait \u00e0 titre professionnel, l\u2019utilisateur garantit d\u00e9tenir les pouvoirs n\u00e9cessaires pour accepter ces conditions g\u00e9n\u00e9rales [&hellip;]\" \/>\n<meta property=\"og:url\" content=\"https:\/\/bonjourvenise.fr\/pt\/informacao-juridica\/\" \/>\n<meta property=\"og:site_name\" content=\"Bonjour Venise\" \/>\n<meta name=\"twitter:card\" content=\"summary_large_image\" \/>\n<meta name=\"twitter:label1\" content=\"Tempo estimado de leitura\" \/>\n\t<meta name=\"twitter:data1\" content=\"3 minutos\" \/>\n<script type=\"application\/ld+json\" class=\"yoast-schema-graph\">{\"@context\":\"https:\\\/\\\/schema.org\",\"@graph\":[{\"@type\":\"WebPage\",\"@id\":\"https:\\\/\\\/bonjourvenise.fr\\\/mentions-legales\\\/\",\"url\":\"https:\\\/\\\/bonjourvenise.fr\\\/mentions-legales\\\/\",\"name\":\"Mentions l\u00e9gales\",\"isPartOf\":{\"@id\":\"https:\\\/\\\/bonjourvenise.fr\\\/#website\"},\"datePublished\":\"2022-03-18T15:26:24+00:00\",\"breadcrumb\":{\"@id\":\"https:\\\/\\\/bonjourvenise.fr\\\/mentions-legales\\\/#breadcrumb\"},\"inLanguage\":\"pt-PT\",\"potentialAction\":[{\"@type\":\"ReadAction\",\"target\":[\"https:\\\/\\\/bonjourvenise.fr\\\/mentions-legales\\\/\"]}]},{\"@type\":\"BreadcrumbList\",\"@id\":\"https:\\\/\\\/bonjourvenise.fr\\\/mentions-legales\\\/#breadcrumb\",\"itemListElement\":[{\"@type\":\"ListItem\",\"position\":1,\"name\":\"Accueil\",\"item\":\"https:\\\/\\\/bonjourvenise.fr\\\/\"},{\"@type\":\"ListItem\",\"position\":2,\"name\":\"Mentions l\u00e9gales\"}]},{\"@type\":\"WebSite\",\"@id\":\"https:\\\/\\\/bonjourvenise.fr\\\/#website\",\"url\":\"https:\\\/\\\/bonjourvenise.fr\\\/\",\"name\":\"Bonjour Venise\",\"description\":\"Tout pour visiter la ville de Venise en 2026 !\",\"potentialAction\":[{\"@type\":\"SearchAction\",\"target\":{\"@type\":\"EntryPoint\",\"urlTemplate\":\"https:\\\/\\\/bonjourvenise.fr\\\/?s={search_term_string}\"},\"query-input\":{\"@type\":\"PropertyValueSpecification\",\"valueRequired\":true,\"valueName\":\"search_term_string\"}}],\"inLanguage\":\"pt-PT\"}]}<\/script>\n<!-- \/ Yoast SEO Premium plugin. -->","yoast_head_json":{"title":"Informa\u00e7\u00e3o jur\u00eddica","robots":{"index":"index","follow":"follow","max-snippet":"max-snippet:-1","max-image-preview":"max-image-preview:large","max-video-preview":"max-video-preview:-1"},"canonical":"https:\/\/bonjourvenise.fr\/pt\/informacao-juridica\/","og_locale":"pt_PT","og_type":"article","og_title":"Mentions l\u00e9gales","og_description":"Les pr\u00e9sentes conditions g\u00e9n\u00e9rales fixent les modalit\u00e9s d\u2019utilisation du service web bonjourvenise.wpengine.com L\u2019utilisateur reconnait avoir pris connaissance de ce document et accept\u00e9 l\u2019ensemble de ces informations, que cet usage soit fait \u00e0 titre personnel ou professionnel. Si cet usage est fait \u00e0 titre professionnel, l\u2019utilisateur garantit d\u00e9tenir les pouvoirs n\u00e9cessaires pour accepter ces conditions g\u00e9n\u00e9rales [&hellip;]","og_url":"https:\/\/bonjourvenise.fr\/pt\/informacao-juridica\/","og_site_name":"Bonjour Venise","twitter_card":"summary_large_image","twitter_misc":{"Tempo estimado de leitura":"3 minutos"},"schema":{"@context":"https:\/\/schema.org","@graph":[{"@type":"WebPage","@id":"https:\/\/bonjourvenise.fr\/mentions-legales\/","url":"https:\/\/bonjourvenise.fr\/mentions-legales\/","name":"Informa\u00e7\u00e3o jur\u00eddica","isPartOf":{"@id":"https:\/\/bonjourvenise.fr\/#website"},"datePublished":"2022-03-18T15:26:24+00:00","breadcrumb":{"@id":"https:\/\/bonjourvenise.fr\/mentions-legales\/#breadcrumb"},"inLanguage":"pt-PT","potentialAction":[{"@type":"ReadAction","target":["https:\/\/bonjourvenise.fr\/mentions-legales\/"]}]},{"@type":"BreadcrumbList","@id":"https:\/\/bonjourvenise.fr\/mentions-legales\/#breadcrumb","itemListElement":[{"@type":"ListItem","position":1,"name":"Accueil","item":"https:\/\/bonjourvenise.fr\/"},{"@type":"ListItem","position":2,"name":"Mentions l\u00e9gales"}]},{"@type":"WebSite","@id":"https:\/\/bonjourvenise.fr\/#website","url":"https:\/\/bonjourvenise.fr\/","name":"Ol\u00e1 Veneza","description":"Tout pour visiter la ville de Venise en 2026 !","potentialAction":[{"@type":"SearchAction","target":{"@type":"EntryPoint","urlTemplate":"https:\/\/bonjourvenise.fr\/?s={search_term_string}"},"query-input":{"@type":"PropertyValueSpecification","valueRequired":true,"valueName":"search_term_string"}}],"inLanguage":"pt-PT"}]}},"_links":{"self":[{"href":"https:\/\/bonjourvenise.fr\/pt\/wp-json\/wp\/v2\/pages\/12","targetHints":{"allow":["GET"]}}],"collection":[{"href":"https:\/\/bonjourvenise.fr\/pt\/wp-json\/wp\/v2\/pages"}],"about":[{"href":"https:\/\/bonjourvenise.fr\/pt\/wp-json\/wp\/v2\/types\/page"}],"author":[{"embeddable":true,"href":"https:\/\/bonjourvenise.fr\/pt\/wp-json\/wp\/v2\/users\/1"}],"replies":[{"embeddable":true,"href":"https:\/\/bonjourvenise.fr\/pt\/wp-json\/wp\/v2\/comments?post=12"}],"version-history":[{"count":0,"href":"https:\/\/bonjourvenise.fr\/pt\/wp-json\/wp\/v2\/pages\/12\/revisions"}],"wp:attachment":[{"href":"https:\/\/bonjourvenise.fr\/pt\/wp-json\/wp\/v2\/media?parent=12"}],"curies":[{"name":"wp","href":"https:\/\/api.w.org\/{rel}","templated":true}]}}