{"id":629,"date":"2023-05-23T12:30:51","date_gmt":"2023-05-23T12:30:51","guid":{"rendered":"https:\/\/bonjourvenise.fr\/?page_id=629"},"modified":"2024-05-22T14:34:08","modified_gmt":"2024-05-22T14:34:08","slug":"a-propos","status":"publish","type":"page","link":"https:\/\/bonjourvenise.fr\/pt\/a-propos\/","title":{"rendered":"Sobre n\u00f3s"},"content":{"rendered":"<p><img decoding=\"async\" data-src=\"https:\/\/bonjourvenise.fr\/wp-content\/uploads\/2024\/04\/Thibaut-profil-200x300.jpg\" alt=\"Perfil de Thibaut\" width=\"200\" height=\"300\" class=\"alignright size-medium wp-image-4982 lazyload\" src=\"data:image\/svg+xml;base64,PHN2ZyB3aWR0aD0iMSIgaGVpZ2h0PSIxIiB4bWxucz0iaHR0cDovL3d3dy53My5vcmcvMjAwMC9zdmciPjwvc3ZnPg==\" style=\"--smush-placeholder-width: 200px; --smush-placeholder-aspect-ratio: 200\/300;\" \/>Ol\u00e1,<\/p>\n<p>Chamo-me Thibaut e decidi criar o site Bonjour Venise para o ajudar a <strong>aproveite ao m\u00e1ximo a sua estadia<\/strong> nesta magn\u00edfica cidade!<\/p>\n<h2><strong>Porqu\u00ea este s\u00edtio exatamente?<\/strong><\/h2>\n<p>Tudo come\u00e7ou em 2012, quando decidi deixar a Fran\u00e7a e mudar-me para Lisboa.<\/p>\n<p>Quando l\u00e1 cheguei, fiquei muito desiludido por n\u00e3o encontrar na Internet nenhum s\u00edtio de qualidade para visitar a capital portuguesa.<\/p>\n<p>A maior parte dos artigos foram escritos por pessoas que estavam simplesmente de passagem pela cidade e os guias em papel s\u00f3 s\u00e3o actualizados uma vez por ano, na melhor das hip\u00f3teses...<\/p>\n<p>Pensei para mim pr\u00f3prio:<\/p>\n<blockquote><p>\u00c9 necess\u00e1rio lan\u00e7ar um s\u00edtio <strong>detido por um residente<\/strong> que re\u00fane tudo o que \u00e9 preciso saber para visitar Lisboa, com moradas que s\u00e3o <strong>atualizado diariamente<\/strong> !<\/p>\n<p>Um s\u00edtio completo, claro, f\u00e1cil de navegar e com endere\u00e7os actualizados!<br \/>\nTodos encontrar\u00e3o a informa\u00e7\u00e3o que pretendem, sem perda de tempo.<\/p><\/blockquote>\n<p>Por isso, decidi criar o <a href=\"https:\/\/bonjourlisbonne.fr\/\" rel=\"noopener noreferrer\" target=\"_blank\">Hellolisbonne.fr<\/a>que tinha um <strong>grande sucesso junto dos viajantes<\/strong>.<\/p>\n<p>Conhe\u00e7o Veneza muito bem e tenho o mesmo problema de encontrar informa\u00e7\u00f5es relevantes e actualizadas sobre a cidade...<br \/>\nAlguns anos mais tarde, decidi <strong>lan\u00e7ar Bonjourvenise.fr<\/strong> (o s\u00edtio que est\u00e1 a visitar atualmente!) <strong>com a popula\u00e7\u00e3o local<\/strong>.<\/p>\n<p>E foi tamb\u00e9m um sucesso imediato, com muitos <strong>reac\u00e7\u00f5es positivas<\/strong> viajantes que utilizaram o s\u00edtio para organizar a sua viagem.<\/p>\n<h2><strong>Os nossos outros \"ol\u00e1<\/strong><\/h2>\n<p>Ap\u00f3s o sucesso do conceito \"bonjour\", decidimos continuar a <strong>com outras cidades<\/strong> na Europa.<\/p>\n<p>Os produtos e servi\u00e7os oferecidos s\u00e3o feitos <strong>por especialistas locais<\/strong> para vos oferecer <strong>as melhores experi\u00eancias poss\u00edveis<\/strong> !<\/p>\n<p>A lista de todos os nossos s\u00edtios aqui: <a href=\"https:\/\/bonjourevasion.fr\/\" rel=\"noopener\" target=\"_blank\">https:\/\/bonjourevasion.fr\/<\/a><\/p>\n<p>Tamb\u00e9m fomos recomendados pelo Guide du Routard.<br \/>\n<img decoding=\"async\" data-src=\"https:\/\/bonjourvenise.fr\/wp-content\/uploads\/2024\/05\/logo-recommandation-routard-300x170.png\" alt=\"\" width=\"300\" height=\"170\" class=\"aligncenter size-medium wp-image-3214 lazyload\" data-srcset=\"https:\/\/bonjourvenise.fr\/wp-content\/uploads\/2024\/05\/logo-recommandation-routard-300x170.png 300w, https:\/\/bonjourvenise.fr\/wp-content\/uploads\/2024\/05\/logo-recommandation-routard-18x10.png 18w, https:\/\/bonjourvenise.fr\/wp-content\/uploads\/2024\/05\/logo-recommandation-routard.png 420w\" data-sizes=\"(max-width: 300px) 100vw, 300px\" src=\"data:image\/svg+xml;base64,PHN2ZyB3aWR0aD0iMSIgaGVpZ2h0PSIxIiB4bWxucz0iaHR0cDovL3d3dy53My5vcmcvMjAwMC9zdmciPjwvc3ZnPg==\" style=\"--smush-placeholder-width: 300px; --smush-placeholder-aspect-ratio: 300\/170;\" \/><\/p>\n<p>No Instagram, pode ver um v\u00eddeo de apresenta\u00e7\u00e3o da minha pessoa e do conceito Bonjour \u00c9vasion:<\/p>\n<blockquote class=\"instagram-media\" data-instgrm-captioned data-instgrm-permalink=\"https:\/\/www.instagram.com\/reel\/C6eJ4JlM-Ee\/?utm_source=ig_embed&amp;utm_campaign=loading\" data-instgrm-version=\"14\" style=\" background:#FFF; border:0; border-radius:3px; box-shadow:0 0 1px 0 rgba(0,0,0,0.5),0 1px 10px 0 rgba(0,0,0,0.15); margin: 1px; max-width:540px; min-width:326px; padding:0; width:99.375%; width:-webkit-calc(100% - 2px); width:calc(100% - 2px);\">\n<div style=\"padding:16px;\"> <a href=\"https:\/\/www.instagram.com\/reel\/C6eJ4JlM-Ee\/?utm_source=ig_embed&amp;utm_campaign=loading\" style=\" background:#FFFFFF; line-height:0; padding:0 0; text-align:center; text-decoration:none; width:100%;\" target=\"_blank\" rel=\"noopener\"> <\/p>\n<div style=\" display: flex; flex-direction: row; align-items: center;\">\n<div style=\"background-color: #F4F4F4; border-radius: 50%; flex-grow: 0; height: 40px; margin-right: 14px; width: 40px;\"><\/div>\n<div style=\"display: flex; flex-direction: column; flex-grow: 1; justify-content: center;\">\n<div style=\" background-color: #F4F4F4; border-radius: 4px; flex-grow: 0; height: 14px; margin-bottom: 6px; width: 100px;\"><\/div>\n<div style=\" background-color: #F4F4F4; border-radius: 4px; flex-grow: 0; height: 14px; width: 60px;\"><\/div>\n<\/div>\n<\/div>\n<div style=\"padding: 19% 0;\"><\/div>\n<div style=\"display:block; height:50px; margin:0 auto 12px; width:50px;\"><svg width=\"50px\" height=\"50px\" viewbox=\"0 0 60 60\" version=\"1.1\" xmlns=\"https:\/\/www.w3.org\/2000\/svg\" xmlns:xlink=\"https:\/\/www.w3.org\/1999\/xlink\"><g stroke=\"none\" stroke-width=\"1\" fill=\"none\" fill-rule=\"evenodd\"><g transform=\"translate(-511.000000, -20.000000)\" fill=\"#000000\"><g><path d=\"M556.869,30.41 C554.814,30.41 553.148,32.076 553.148,34.131 C553.148,36.186 554.814,37.852 556.869,37.852 C558.924,37.852 560.59,36.186 560.59,34.131 C560.59,32.076 558.924,30.41 556.869,30.41 M541,60.657 C535.114,60.657 530.342,55.887 530.342,50 C530.342,44.114 535.114,39.342 541,39.342 C546.887,39.342 551.658,44.114 551.658,50 C551.658,55.887 546.887,60.657 541,60.657 M541,33.886 C532.1,33.886 524.886,41.1 524.886,50 C524.886,58.899 532.1,66.113 541,66.113 C549.9,66.113 557.115,58.899 557.115,50 C557.115,41.1 549.9,33.886 541,33.886 M565.378,62.101 C565.244,65.022 564.756,66.606 564.346,67.663 C563.803,69.06 563.154,70.057 562.106,71.106 C561.058,72.155 560.06,72.803 558.662,73.347 C557.607,73.757 556.021,74.244 553.102,74.378 C549.944,74.521 548.997,74.552 541,74.552 C533.003,74.552 532.056,74.521 528.898,74.378 C525.979,74.244 524.393,73.757 523.338,73.347 C521.94,72.803 520.942,72.155 519.894,71.106 C518.846,70.057 518.197,69.06 517.654,67.663 C517.244,66.606 516.755,65.022 516.623,62.101 C516.479,58.943 516.448,57.996 516.448,50 C516.448,42.003 516.479,41.056 516.623,37.899 C516.755,34.978 517.244,33.391 517.654,32.338 C518.197,30.938 518.846,29.942 519.894,28.894 C520.942,27.846 521.94,27.196 523.338,26.654 C524.393,26.244 525.979,25.756 528.898,25.623 C532.057,25.479 533.004,25.448 541,25.448 C548.997,25.448 549.943,25.479 553.102,25.623 C556.021,25.756 557.607,26.244 558.662,26.654 C560.06,27.196 561.058,27.846 562.106,28.894 C563.154,29.942 563.803,30.938 564.346,32.338 C564.756,33.391 565.244,34.978 565.378,37.899 C565.522,41.056 565.552,42.003 565.552,50 C565.552,57.996 565.522,58.943 565.378,62.101 M570.82,37.631 C570.674,34.438 570.167,32.258 569.425,30.349 C568.659,28.377 567.633,26.702 565.965,25.035 C564.297,23.368 562.623,22.342 560.652,21.575 C558.743,20.834 556.562,20.326 553.369,20.18 C550.169,20.033 549.148,20 541,20 C532.853,20 531.831,20.033 528.631,20.18 C525.438,20.326 523.257,20.834 521.349,21.575 C519.376,22.342 517.703,23.368 516.035,25.035 C514.368,26.702 513.342,28.377 512.574,30.349 C511.834,32.258 511.326,34.438 511.181,37.631 C511.035,40.831 511,41.851 511,50 C511,58.147 511.035,59.17 511.181,62.369 C511.326,65.562 511.834,67.743 512.574,69.651 C513.342,71.625 514.368,73.296 516.035,74.965 C517.703,76.634 519.376,77.658 521.349,78.425 C523.257,79.167 525.438,79.673 528.631,79.82 C531.831,79.965 532.853,80.001 541,80.001 C549.148,80.001 550.169,79.965 553.369,79.82 C556.562,79.673 558.743,79.167 560.652,78.425 C562.623,77.658 564.297,76.634 565.965,74.965 C567.633,73.296 568.659,71.625 569.425,69.651 C570.167,67.743 570.674,65.562 570.82,62.369 C570.966,59.17 571,58.147 571,50 C571,41.851 570.966,40.831 570.82,37.631\"><\/path><\/g><\/g><\/g><\/svg><\/div>\n<div style=\"padding-top: 8px;\">\n<div style=\" color:#3897f0; font-family:Arial,sans-serif; font-size:14px; font-style:normal; font-weight:550; line-height:18px;\">Ver esta publica\u00e7\u00e3o no Instagram<\/div>\n<\/div>\n<div style=\"padding: 12.5% 0;\"><\/div>\n<div style=\"display: flex; flex-direction: row; margin-bottom: 14px; align-items: center;\">\n<div>\n<div style=\"background-color: #F4F4F4; border-radius: 50%; height: 12.5px; width: 12.5px; transform: translateX(0px) translateY(7px);\"><\/div>\n<div style=\"background-color: #F4F4F4; height: 12.5px; transform: rotate(-45deg) translateX(3px) translateY(1px); width: 12.5px; flex-grow: 0; margin-right: 14px; margin-left: 2px;\"><\/div>\n<div style=\"background-color: #F4F4F4; border-radius: 50%; height: 12.5px; width: 12.5px; transform: translateX(9px) translateY(-18px);\"><\/div>\n<\/div>\n<div style=\"margin-left: 8px;\">\n<div style=\" background-color: #F4F4F4; border-radius: 50%; flex-grow: 0; height: 20px; width: 20px;\"><\/div>\n<div style=\" width: 0; height: 0; border-top: 2px solid transparent; border-left: 6px solid #f4f4f4; border-bottom: 2px solid transparent; transform: translateX(16px) translateY(-4px) rotate(30deg)\"><\/div>\n<\/div>\n<div style=\"margin-left: auto;\">\n<div style=\" width: 0px; border-top: 8px solid #F4F4F4; border-right: 8px solid transparent; transform: translateY(16px);\"><\/div>\n<div style=\" background-color: #F4F4F4; flex-grow: 0; height: 12px; width: 16px; transform: translateY(-4px);\"><\/div>\n<div style=\" width: 0; height: 0; border-top: 8px solid #F4F4F4; border-left: 8px solid transparent; transform: translateY(-4px) translateX(8px);\"><\/div>\n<\/div>\n<\/div>\n<div style=\"display: flex; flex-direction: column; flex-grow: 1; justify-content: center; margin-bottom: 24px;\">\n<div style=\" background-color: #F4F4F4; border-radius: 4px; flex-grow: 0; height: 14px; margin-bottom: 6px; width: 224px;\"><\/div>\n<div style=\" background-color: #F4F4F4; border-radius: 4px; flex-grow: 0; height: 14px; width: 144px;\"><\/div>\n<\/div>\n<p><\/a><\/p>\n<p style=\" color:#c9c8cd; font-family:Arial,sans-serif; font-size:14px; line-height:17px; margin-bottom:0; margin-top:8px; overflow:hidden; padding:8px 0 7px; text-align:center; text-overflow:ellipsis; white-space:nowrap;\"><a href=\"https:\/\/www.instagram.com\/reel\/C6eJ4JlM-Ee\/?utm_source=ig_embed&amp;utm_campaign=loading\" style=\" color:#c9c8cd; font-family:Arial,sans-serif; font-size:14px; font-style:normal; font-weight:normal; line-height:17px; text-decoration:none;\" target=\"_blank\" rel=\"noopener\">Uma publica\u00e7\u00e3o partilhada por Bonjour \u00c9vasion | Blogs et agence de voyage \u2708\ufe0f (@bonjourevasion)<\/a><\/p>\n<\/div>\n<\/blockquote>\n<p> <script async src=\"\/\/www.instagram.com\/embed.js\"><\/script><\/p>\n<p>Encontre-nos nas redes sociais com o nome \"Bonjour \u00c9vasion\":<br \/>\n<a href=\"https:\/\/www.instagram.com\/bonjourevasion\" target=\"_blank\" rel=\"nofollow noopener noreferrer\">Instagram<\/a>.<br \/>\n<a href=\"https:\/\/www.facebook.com\/bonjourevasion\" target=\"_blank\" rel=\"nofollow noopener noreferrer\">Facebook<\/a>.<br \/>\n<a href=\"https:\/\/www.tiktok.com\/@bonjourevasion\" target=\"_blank\" rel=\"nofollow noopener noreferrer\">TikTok<\/a>.<\/p>\n<p>Veja os nossos v\u00eddeos no YouTube:<br \/>\n<a href=\"https:\/\/www.youtube.com\/@BonjourEvasion\" target=\"_blank\" rel=\"nofollow noopener noreferrer\">YouTube<\/a>.<\/p>","protected":false},"excerpt":{"rendered":"<p>Bonjour, Je suis Thibaut, et j&rsquo;ai d\u00e9cid\u00e9 de cr\u00e9er le site Bonjour Venise pour vous aider \u00e0 mieux profiter de votre s\u00e9jour dans cette magnifique ville ! Pourquoi ce site exactement ? Tout \u00e0 commenc\u00e9 en 2012, quand j&rsquo;ai d\u00e9cid\u00e9 de quitter la France pour aller vivre \u00e0 Lisbonne. En arrivant l\u00e0-bas, j&rsquo;\u00e9tais tr\u00e8s d\u00e9\u00e7u [&hellip;]<\/p>\n","protected":false},"author":1,"featured_media":0,"parent":0,"menu_order":0,"comment_status":"closed","ping_status":"closed","template":"","meta":{"om_disable_all_campaigns":false,"_genesis_hide_title":false,"_genesis_hide_breadcrumbs":false,"_genesis_hide_singular_image":false,"_genesis_hide_footer_widgets":false,"_genesis_custom_body_class":"","_genesis_custom_post_class":"","_genesis_layout":"","footnotes":""},"class_list":{"0":"post-629","1":"page","2":"type-page","3":"status-publish","5":"entry"},"yoast_head":"<!-- This site is optimized with the Yoast SEO Premium plugin v23.8 (Yoast SEO v27.5) - https:\/\/yoast.com\/product\/yoast-seo-premium-wordpress\/ -->\n<title>\u00c0 Propos<\/title>\n<meta name=\"robots\" content=\"index, follow, max-snippet:-1, max-image-preview:large, max-video-preview:-1\" \/>\n<link rel=\"canonical\" href=\"https:\/\/bonjourvenise.fr\/pt\/a-propos\/\" \/>\n<meta property=\"og:locale\" content=\"pt_PT\" \/>\n<meta property=\"og:type\" content=\"article\" \/>\n<meta property=\"og:title\" content=\"\u00c0 Propos\" \/>\n<meta property=\"og:description\" content=\"Bonjour, Je suis Thibaut, et j&rsquo;ai d\u00e9cid\u00e9 de cr\u00e9er le site Bonjour Venise pour vous aider \u00e0 mieux profiter de votre s\u00e9jour dans cette magnifique ville ! Pourquoi ce site exactement ? Tout \u00e0 commenc\u00e9 en 2012, quand j&rsquo;ai d\u00e9cid\u00e9 de quitter la France pour aller vivre \u00e0 Lisbonne. En arrivant l\u00e0-bas, j&rsquo;\u00e9tais tr\u00e8s d\u00e9\u00e7u [&hellip;]\" \/>\n<meta property=\"og:url\" content=\"https:\/\/bonjourvenise.fr\/pt\/a-propos\/\" \/>\n<meta property=\"og:site_name\" content=\"Bonjour Venise\" \/>\n<meta property=\"article:modified_time\" content=\"2024-05-22T14:34:08+00:00\" \/>\n<meta property=\"og:image\" content=\"https:\/\/bonjourvenise.fr\/wp-content\/uploads\/2024\/04\/Thibaut-profil-200x300.jpg\" \/>\n<meta name=\"twitter:card\" content=\"summary_large_image\" \/>\n<meta name=\"twitter:label1\" content=\"Tempo estimado de leitura\" \/>\n\t<meta name=\"twitter:data1\" content=\"2 minutos\" \/>\n<script type=\"application\/ld+json\" class=\"yoast-schema-graph\">{\"@context\":\"https:\\\/\\\/schema.org\",\"@graph\":[{\"@type\":\"WebPage\",\"@id\":\"https:\\\/\\\/bonjourvenise.fr\\\/a-propos\\\/\",\"url\":\"https:\\\/\\\/bonjourvenise.fr\\\/a-propos\\\/\",\"name\":\"\u00c0 Propos\",\"isPartOf\":{\"@id\":\"https:\\\/\\\/bonjourvenise.fr\\\/#website\"},\"primaryImageOfPage\":{\"@id\":\"https:\\\/\\\/bonjourvenise.fr\\\/a-propos\\\/#primaryimage\"},\"image\":{\"@id\":\"https:\\\/\\\/bonjourvenise.fr\\\/a-propos\\\/#primaryimage\"},\"thumbnailUrl\":\"https:\\\/\\\/bonjourvenise.fr\\\/wp-content\\\/uploads\\\/2024\\\/04\\\/Thibaut-profil-200x300.jpg\",\"datePublished\":\"2023-05-23T12:30:51+00:00\",\"dateModified\":\"2024-05-22T14:34:08+00:00\",\"breadcrumb\":{\"@id\":\"https:\\\/\\\/bonjourvenise.fr\\\/a-propos\\\/#breadcrumb\"},\"inLanguage\":\"pt-PT\",\"potentialAction\":[{\"@type\":\"ReadAction\",\"target\":[\"https:\\\/\\\/bonjourvenise.fr\\\/a-propos\\\/\"]}]},{\"@type\":\"ImageObject\",\"inLanguage\":\"pt-PT\",\"@id\":\"https:\\\/\\\/bonjourvenise.fr\\\/a-propos\\\/#primaryimage\",\"url\":\"https:\\\/\\\/bonjourvenise.fr\\\/wp-content\\\/uploads\\\/2024\\\/04\\\/Thibaut-profil-200x300.jpg\",\"contentUrl\":\"https:\\\/\\\/bonjourvenise.fr\\\/wp-content\\\/uploads\\\/2024\\\/04\\\/Thibaut-profil-200x300.jpg\"},{\"@type\":\"BreadcrumbList\",\"@id\":\"https:\\\/\\\/bonjourvenise.fr\\\/a-propos\\\/#breadcrumb\",\"itemListElement\":[{\"@type\":\"ListItem\",\"position\":1,\"name\":\"Accueil\",\"item\":\"https:\\\/\\\/bonjourvenise.fr\\\/\"},{\"@type\":\"ListItem\",\"position\":2,\"name\":\"\u00c0 Propos\"}]},{\"@type\":\"WebSite\",\"@id\":\"https:\\\/\\\/bonjourvenise.fr\\\/#website\",\"url\":\"https:\\\/\\\/bonjourvenise.fr\\\/\",\"name\":\"Bonjour Venise\",\"description\":\"Tout pour visiter la ville de Venise en 2026 !\",\"potentialAction\":[{\"@type\":\"SearchAction\",\"target\":{\"@type\":\"EntryPoint\",\"urlTemplate\":\"https:\\\/\\\/bonjourvenise.fr\\\/?s={search_term_string}\"},\"query-input\":{\"@type\":\"PropertyValueSpecification\",\"valueRequired\":true,\"valueName\":\"search_term_string\"}}],\"inLanguage\":\"pt-PT\"}]}<\/script>\n<!-- \/ Yoast SEO Premium plugin. -->","yoast_head_json":{"title":"Sobre n\u00f3s","robots":{"index":"index","follow":"follow","max-snippet":"max-snippet:-1","max-image-preview":"max-image-preview:large","max-video-preview":"max-video-preview:-1"},"canonical":"https:\/\/bonjourvenise.fr\/pt\/a-propos\/","og_locale":"pt_PT","og_type":"article","og_title":"\u00c0 Propos","og_description":"Bonjour, Je suis Thibaut, et j&rsquo;ai d\u00e9cid\u00e9 de cr\u00e9er le site Bonjour Venise pour vous aider \u00e0 mieux profiter de votre s\u00e9jour dans cette magnifique ville ! Pourquoi ce site exactement ? Tout \u00e0 commenc\u00e9 en 2012, quand j&rsquo;ai d\u00e9cid\u00e9 de quitter la France pour aller vivre \u00e0 Lisbonne. En arrivant l\u00e0-bas, j&rsquo;\u00e9tais tr\u00e8s d\u00e9\u00e7u [&hellip;]","og_url":"https:\/\/bonjourvenise.fr\/pt\/a-propos\/","og_site_name":"Bonjour Venise","article_modified_time":"2024-05-22T14:34:08+00:00","og_image":[{"url":"https:\/\/bonjourvenise.fr\/wp-content\/uploads\/2024\/04\/Thibaut-profil-200x300.jpg","type":"","width":"","height":""}],"twitter_card":"summary_large_image","twitter_misc":{"Tempo estimado de leitura":"2 minutos"},"schema":{"@context":"https:\/\/schema.org","@graph":[{"@type":"WebPage","@id":"https:\/\/bonjourvenise.fr\/a-propos\/","url":"https:\/\/bonjourvenise.fr\/a-propos\/","name":"Sobre n\u00f3s","isPartOf":{"@id":"https:\/\/bonjourvenise.fr\/#website"},"primaryImageOfPage":{"@id":"https:\/\/bonjourvenise.fr\/a-propos\/#primaryimage"},"image":{"@id":"https:\/\/bonjourvenise.fr\/a-propos\/#primaryimage"},"thumbnailUrl":"https:\/\/bonjourvenise.fr\/wp-content\/uploads\/2024\/04\/Thibaut-profil-200x300.jpg","datePublished":"2023-05-23T12:30:51+00:00","dateModified":"2024-05-22T14:34:08+00:00","breadcrumb":{"@id":"https:\/\/bonjourvenise.fr\/a-propos\/#breadcrumb"},"inLanguage":"pt-PT","potentialAction":[{"@type":"ReadAction","target":["https:\/\/bonjourvenise.fr\/a-propos\/"]}]},{"@type":"ImageObject","inLanguage":"pt-PT","@id":"https:\/\/bonjourvenise.fr\/a-propos\/#primaryimage","url":"https:\/\/bonjourvenise.fr\/wp-content\/uploads\/2024\/04\/Thibaut-profil-200x300.jpg","contentUrl":"https:\/\/bonjourvenise.fr\/wp-content\/uploads\/2024\/04\/Thibaut-profil-200x300.jpg"},{"@type":"BreadcrumbList","@id":"https:\/\/bonjourvenise.fr\/a-propos\/#breadcrumb","itemListElement":[{"@type":"ListItem","position":1,"name":"Accueil","item":"https:\/\/bonjourvenise.fr\/"},{"@type":"ListItem","position":2,"name":"\u00c0 Propos"}]},{"@type":"WebSite","@id":"https:\/\/bonjourvenise.fr\/#website","url":"https:\/\/bonjourvenise.fr\/","name":"Ol\u00e1 Veneza","description":"Tout pour visiter la ville de Venise en 2026 !","potentialAction":[{"@type":"SearchAction","target":{"@type":"EntryPoint","urlTemplate":"https:\/\/bonjourvenise.fr\/?s={search_term_string}"},"query-input":{"@type":"PropertyValueSpecification","valueRequired":true,"valueName":"search_term_string"}}],"inLanguage":"pt-PT"}]}},"_links":{"self":[{"href":"https:\/\/bonjourvenise.fr\/pt\/wp-json\/wp\/v2\/pages\/629","targetHints":{"allow":["GET"]}}],"collection":[{"href":"https:\/\/bonjourvenise.fr\/pt\/wp-json\/wp\/v2\/pages"}],"about":[{"href":"https:\/\/bonjourvenise.fr\/pt\/wp-json\/wp\/v2\/types\/page"}],"author":[{"embeddable":true,"href":"https:\/\/bonjourvenise.fr\/pt\/wp-json\/wp\/v2\/users\/1"}],"replies":[{"embeddable":true,"href":"https:\/\/bonjourvenise.fr\/pt\/wp-json\/wp\/v2\/comments?post=629"}],"version-history":[{"count":0,"href":"https:\/\/bonjourvenise.fr\/pt\/wp-json\/wp\/v2\/pages\/629\/revisions"}],"wp:attachment":[{"href":"https:\/\/bonjourvenise.fr\/pt\/wp-json\/wp\/v2\/media?parent=629"}],"curies":[{"name":"wp","href":"https:\/\/api.w.org\/{rel}","templated":true}]}}